{"id":18891,"date":"2021-03-12T18:04:26","date_gmt":"2021-03-12T18:04:26","guid":{"rendered":"https:\/\/proagrolab.com.ar\/?post_type=product&#038;p=18891"},"modified":"2025-04-14T13:38:35","modified_gmt":"2025-04-14T13:38:35","slug":"pack-reproductivo-cipionato-1g","status":"publish","type":"product","link":"https:\/\/proagrolab.com.ar\/en\/producto\/pack-reproductivo-cipionato-1g\/","title":{"rendered":"Pack Reproductivo Procrear Synkro Xy 1 g (100 tratamientos)"},"content":{"rendered":"<p class=\"qtranxs-available-languages-message qtranxs-available-languages-message-en\"> <\/p><p><\/p>\n<p>Pack Reproductivo Synkro Xy para la sincronizaci\u00f3n del celo en bovinos con t\u00e9cnica de inseminaci\u00f3n artificial a tiempo fijo (IATF). El pack ideal para mejorar los resultados de pre\u00f1ez en la producci\u00f3n.<\/p>\n<p>Contiene:\u00a0<\/p>\n<div>Procrear 1 gramo x 10 dispositivos x 10<\/div>\n<div>D+Cloprostenol S\u00f3dico x 100 ml x 2<\/div>\n<div>Cipionato de estradiol Synkro Xy x 50 ml x 2<\/div>\n<div>Benzoato de estradiol Synkro Xy x 50 ml x 2<\/div>\n<div>Aplicador vaca Synkro Xy x 1<\/div>\n<div>\u00a0<\/div>\n<div>\n<div>C\u00f3mo utilizar el protocolo:<\/div>\n<div>\n<div dir=\"ltr\"><b>Protocolo tradicional con cipionato:<\/b><\/div>\n<div dir=\"ltr\">D\u00eda 1: colocar dispositivos + 2 ml benzoato de estradiol<\/div>\n<div dir=\"ltr\">D\u00eda 7 u 8: retiro de los dispositivos + 2 ml de D+Closprostenol + 1 ml de cipionato de estradiol.<\/div>\n<div dir=\"ltr\">A las 48-52 horas del retiro se insemina.<\/div>\n<\/div>\n<\/div>\n<div>\u00a0<\/div>\n<div>Este producto no debe administrarse en animales productores de alimentos para consumo humano cuyos productos y\/o subproductos se exporten a la uni\u00f3n europea y\/o a otros pa\u00edses con requisitos equivalentes.<\/div>\n<div>\u00a0<\/div>\n<p><\/p>","protected":false},"excerpt":{"rendered":"<p>Pack Reproductivo Synkro Xy para la sincronizaci\u00f3n del celo en bovinos con t\u00e9cnica de inseminaci\u00f3n artificial a tiempo fijo (IATF). El pack ideal para mejorar los resultados de pre\u00f1ez en la producci\u00f3n. Contiene:\u00a0 Procrear 1 gramo x 10 dispositivos x 10 D+Cloprostenol S\u00f3dico x 100 ml x 2 Cipionato de estradiol Synkro Xy x 50 ml x 2 Benzoato de estradiol Synkro Xy x 50 ml x 2 Aplicador vaca Synkro Xy x 1 \u00a0 C\u00f3mo utilizar el protocolo: Protocolo tradicional con cipionato: D\u00eda 1: colocar dispositivos + 2 ml benzoato de estradiol D\u00eda 7 u 8: retiro de los dispositivos + 2 ml de D+Closprostenol + 1 ml de cipionato de estradiol. A las 48-52 horas del retiro se insemina. \u00a0 Este producto no debe administrarse en animales productores de alimentos para consumo humano cuyos productos y\/o subproductos se exporten a la uni\u00f3n europea y\/o a otros pa\u00edses con requisitos equivalentes. \u00a0<\/p>\n","protected":false},"featured_media":163479,"template":"","meta":{"_acf_changed":false},"product_brand":[],"product_cat":[458],"product_tag":[557],"class_list":{"0":"post-18891","1":"product","2":"type-product","3":"status-publish","4":"has-post-thumbnail","6":"product_cat-hormonales","7":"product_tag-bovinos","8":"pif-has-gallery","10":"first","11":"instock","12":"shipping-taxable","13":"product-type-simple"},"acf":[],"yoast_head":"<!-- This site is optimized with the Yoast SEO plugin v27.4 - https:\/\/yoast.com\/product\/yoast-seo-wordpress\/ -->\n<title>Pack Reproductivo Procrear Synkro Xy 1 g (100 tratamientos) | Proagro<\/title>\n<meta name=\"robots\" content=\"index, follow, max-snippet:-1, max-image-preview:large, max-video-preview:-1\" \/>\n<link rel=\"canonical\" href=\"https:\/\/proagrolab.com.ar\/en\/producto\/pack-reproductivo-cipionato-1g\/\" \/>\n<meta property=\"og:locale\" content=\"en_US\" \/>\n<meta property=\"og:type\" content=\"article\" \/>\n<meta property=\"og:title\" content=\"Pack Reproductivo Procrear Synkro Xy 1 g (100 tratamientos) | Proagro\" \/>\n<meta property=\"og:description\" content=\"Pack Reproductivo Synkro Xy para la sincronizaci\u00f3n del celo en bovinos con t\u00e9cnica de inseminaci\u00f3n artificial a tiempo fijo (IATF). El pack ideal para mejorar los resultados de pre\u00f1ez en la producci\u00f3n. Contiene:\u00a0 Procrear 1 gramo x 10 dispositivos x 10 D+Cloprostenol S\u00f3dico x 100 ml x 2 Cipionato de estradiol Synkro Xy x 50 ml x 2 Benzoato de estradiol Synkro Xy x 50 ml x 2 Aplicador vaca Synkro Xy x 1 \u00a0 C\u00f3mo utilizar el protocolo: Protocolo tradicional con cipionato: D\u00eda 1: colocar dispositivos + 2 ml benzoato de estradiol D\u00eda 7 u 8: retiro de los dispositivos + 2 ml de D+Closprostenol + 1 ml de cipionato de estradiol. A las 48-52 horas del retiro se insemina. \u00a0 Este producto no debe administrarse en animales productores de alimentos para consumo humano cuyos productos y\/o subproductos se exporten a la uni\u00f3n europea y\/o a otros pa\u00edses con requisitos equivalentes. \u00a0\" \/>\n<meta property=\"og:url\" content=\"https:\/\/proagrolab.com.ar\/producto\/pack-reproductivo-cipionato-1g\/\" \/>\n<meta property=\"og:site_name\" content=\"Proagro\" \/>\n<meta property=\"article:publisher\" content=\"http:\/\/www.facebook.com\/proagrolab\" \/>\n<meta property=\"article:modified_time\" content=\"2025-04-14T13:38:35+00:00\" \/>\n<meta property=\"og:image\" content=\"https:\/\/proagrolab.com.ar\/wp-content\/uploads\/2021\/03\/mockups-kit_01g.png\" \/>\n\t<meta property=\"og:image:width\" content=\"2000\" \/>\n\t<meta property=\"og:image:height\" content=\"2000\" \/>\n\t<meta property=\"og:image:type\" content=\"image\/png\" \/>\n<meta name=\"twitter:card\" content=\"summary_large_image\" \/>\n<meta name=\"twitter:label1\" content=\"Est. reading time\" \/>\n\t<meta name=\"twitter:data1\" content=\"1 minute\" \/>\n<script type=\"application\/ld+json\" class=\"yoast-schema-graph\">{\"@context\":\"https:\\\/\\\/schema.org\",\"@graph\":[{\"@type\":\"WebPage\",\"@id\":\"https:\\\/\\\/proagrolab.com.ar\\\/producto\\\/pack-reproductivo-cipionato-1g\\\/\",\"url\":\"https:\\\/\\\/proagrolab.com.ar\\\/producto\\\/pack-reproductivo-cipionato-1g\\\/\",\"name\":\"Pack Reproductivo Procrear Synkro Xy 1 g (100 tratamientos) | Proagro\",\"isPartOf\":{\"@id\":\"https:\\\/\\\/proagrolab.com.ar\\\/#website\"},\"primaryImageOfPage\":{\"@id\":\"https:\\\/\\\/proagrolab.com.ar\\\/producto\\\/pack-reproductivo-cipionato-1g\\\/#primaryimage\"},\"image\":{\"@id\":\"https:\\\/\\\/proagrolab.com.ar\\\/producto\\\/pack-reproductivo-cipionato-1g\\\/#primaryimage\"},\"thumbnailUrl\":\"https:\\\/\\\/proagrolab.com.ar\\\/wp-content\\\/uploads\\\/2021\\\/03\\\/mockups-kit_01g.png\",\"datePublished\":\"2021-03-12T18:04:26+00:00\",\"dateModified\":\"2025-04-14T13:38:35+00:00\",\"breadcrumb\":{\"@id\":\"https:\\\/\\\/proagrolab.com.ar\\\/producto\\\/pack-reproductivo-cipionato-1g\\\/#breadcrumb\"},\"inLanguage\":\"en-US\",\"potentialAction\":[{\"@type\":\"ReadAction\",\"target\":[\"https:\\\/\\\/proagrolab.com.ar\\\/producto\\\/pack-reproductivo-cipionato-1g\\\/\"]}]},{\"@type\":\"ImageObject\",\"inLanguage\":\"en-US\",\"@id\":\"https:\\\/\\\/proagrolab.com.ar\\\/producto\\\/pack-reproductivo-cipionato-1g\\\/#primaryimage\",\"url\":\"https:\\\/\\\/proagrolab.com.ar\\\/wp-content\\\/uploads\\\/2021\\\/03\\\/mockups-kit_01g.png\",\"contentUrl\":\"https:\\\/\\\/proagrolab.com.ar\\\/wp-content\\\/uploads\\\/2021\\\/03\\\/mockups-kit_01g.png\",\"width\":2000,\"height\":2000},{\"@type\":\"BreadcrumbList\",\"@id\":\"https:\\\/\\\/proagrolab.com.ar\\\/producto\\\/pack-reproductivo-cipionato-1g\\\/#breadcrumb\",\"itemListElement\":[{\"@type\":\"ListItem\",\"position\":1,\"name\":\"Portada\",\"item\":\"https:\\\/\\\/proagrolab.com.ar\\\/\"},{\"@type\":\"ListItem\",\"position\":2,\"name\":\"Productos\",\"item\":\"https:\\\/\\\/proagrolab.com.ar\\\/productos\\\/\"},{\"@type\":\"ListItem\",\"position\":3,\"name\":\"Pack Reproductivo Procrear Synkro Xy 1 g (100 tratamientos)\"}]},{\"@type\":\"WebSite\",\"@id\":\"https:\\\/\\\/proagrolab.com.ar\\\/#website\",\"url\":\"https:\\\/\\\/proagrolab.com.ar\\\/\",\"name\":\"Proagro Laboratorio Veterinario\",\"description\":\"Veterinary laboratory\",\"publisher\":{\"@id\":\"https:\\\/\\\/proagrolab.com.ar\\\/#organization\"},\"potentialAction\":[{\"@type\":\"SearchAction\",\"target\":{\"@type\":\"EntryPoint\",\"urlTemplate\":\"https:\\\/\\\/proagrolab.com.ar\\\/?s={search_term_string}\"},\"query-input\":{\"@type\":\"PropertyValueSpecification\",\"valueRequired\":true,\"valueName\":\"search_term_string\"}}],\"inLanguage\":\"en-US\"},{\"@type\":\"Organization\",\"@id\":\"https:\\\/\\\/proagrolab.com.ar\\\/#organization\",\"name\":\"Proagro\",\"url\":\"https:\\\/\\\/proagrolab.com.ar\\\/\",\"logo\":{\"@type\":\"ImageObject\",\"inLanguage\":\"en-US\",\"@id\":\"https:\\\/\\\/proagrolab.com.ar\\\/#\\\/schema\\\/logo\\\/image\\\/\",\"url\":\"https:\\\/\\\/proagrolab.com.ar\\\/wp-content\\\/uploads\\\/2020\\\/04\\\/logo-retina.png\",\"contentUrl\":\"https:\\\/\\\/proagrolab.com.ar\\\/wp-content\\\/uploads\\\/2020\\\/04\\\/logo-retina.png\",\"width\":478,\"height\":120,\"caption\":\"Proagro\"},\"image\":{\"@id\":\"https:\\\/\\\/proagrolab.com.ar\\\/#\\\/schema\\\/logo\\\/image\\\/\"},\"sameAs\":[\"http:\\\/\\\/www.facebook.com\\\/proagrolab\",\"https:\\\/\\\/www.instagram.com\\\/proagrolab\\\/\",\"https:\\\/\\\/www.linkedin.com\\\/company\\\/laboratorio-proagro-s-a\\\/\"]}]}<\/script>\n<!-- \/ Yoast SEO plugin. -->","yoast_head_json":{"title":"Pack Reproductivo Procrear Synkro Xy 1 g (100 tratamientos) | Proagro","robots":{"index":"index","follow":"follow","max-snippet":"max-snippet:-1","max-image-preview":"max-image-preview:large","max-video-preview":"max-video-preview:-1"},"canonical":"https:\/\/proagrolab.com.ar\/en\/producto\/pack-reproductivo-cipionato-1g\/","og_locale":"en_US","og_type":"article","og_title":"Pack Reproductivo Procrear Synkro Xy 1 g (100 tratamientos) | Proagro","og_description":"Pack Reproductivo Synkro Xy para la sincronizaci\u00f3n del celo en bovinos con t\u00e9cnica de inseminaci\u00f3n artificial a tiempo fijo (IATF). El pack ideal para mejorar los resultados de pre\u00f1ez en la producci\u00f3n. Contiene:\u00a0 Procrear 1 gramo x 10 dispositivos x 10 D+Cloprostenol S\u00f3dico x 100 ml x 2 Cipionato de estradiol Synkro Xy x 50 ml x 2 Benzoato de estradiol Synkro Xy x 50 ml x 2 Aplicador vaca Synkro Xy x 1 \u00a0 C\u00f3mo utilizar el protocolo: Protocolo tradicional con cipionato: D\u00eda 1: colocar dispositivos + 2 ml benzoato de estradiol D\u00eda 7 u 8: retiro de los dispositivos + 2 ml de D+Closprostenol + 1 ml de cipionato de estradiol. A las 48-52 horas del retiro se insemina. \u00a0 Este producto no debe administrarse en animales productores de alimentos para consumo humano cuyos productos y\/o subproductos se exporten a la uni\u00f3n europea y\/o a otros pa\u00edses con requisitos equivalentes. \u00a0","og_url":"https:\/\/proagrolab.com.ar\/producto\/pack-reproductivo-cipionato-1g\/","og_site_name":"Proagro","article_publisher":"http:\/\/www.facebook.com\/proagrolab","article_modified_time":"2025-04-14T13:38:35+00:00","og_image":[{"width":2000,"height":2000,"url":"https:\/\/proagrolab.com.ar\/wp-content\/uploads\/2021\/03\/mockups-kit_01g.png","type":"image\/png"}],"twitter_card":"summary_large_image","twitter_misc":{"Est. reading time":"1 minute"},"schema":{"@context":"https:\/\/schema.org","@graph":[{"@type":"WebPage","@id":"https:\/\/proagrolab.com.ar\/producto\/pack-reproductivo-cipionato-1g\/","url":"https:\/\/proagrolab.com.ar\/producto\/pack-reproductivo-cipionato-1g\/","name":"Pack Reproductivo Procrear Synkro Xy 1 g (100 tratamientos) | Proagro","isPartOf":{"@id":"https:\/\/proagrolab.com.ar\/#website"},"primaryImageOfPage":{"@id":"https:\/\/proagrolab.com.ar\/producto\/pack-reproductivo-cipionato-1g\/#primaryimage"},"image":{"@id":"https:\/\/proagrolab.com.ar\/producto\/pack-reproductivo-cipionato-1g\/#primaryimage"},"thumbnailUrl":"https:\/\/proagrolab.com.ar\/wp-content\/uploads\/2021\/03\/mockups-kit_01g.png","datePublished":"2021-03-12T18:04:26+00:00","dateModified":"2025-04-14T13:38:35+00:00","breadcrumb":{"@id":"https:\/\/proagrolab.com.ar\/producto\/pack-reproductivo-cipionato-1g\/#breadcrumb"},"inLanguage":"en-US","potentialAction":[{"@type":"ReadAction","target":["https:\/\/proagrolab.com.ar\/producto\/pack-reproductivo-cipionato-1g\/"]}]},{"@type":"ImageObject","inLanguage":"en-US","@id":"https:\/\/proagrolab.com.ar\/producto\/pack-reproductivo-cipionato-1g\/#primaryimage","url":"https:\/\/proagrolab.com.ar\/wp-content\/uploads\/2021\/03\/mockups-kit_01g.png","contentUrl":"https:\/\/proagrolab.com.ar\/wp-content\/uploads\/2021\/03\/mockups-kit_01g.png","width":2000,"height":2000},{"@type":"BreadcrumbList","@id":"https:\/\/proagrolab.com.ar\/producto\/pack-reproductivo-cipionato-1g\/#breadcrumb","itemListElement":[{"@type":"ListItem","position":1,"name":"Portada","item":"https:\/\/proagrolab.com.ar\/"},{"@type":"ListItem","position":2,"name":"Productos","item":"https:\/\/proagrolab.com.ar\/productos\/"},{"@type":"ListItem","position":3,"name":"Pack Reproductivo Procrear Synkro Xy 1 g (100 tratamientos)"}]},{"@type":"WebSite","@id":"https:\/\/proagrolab.com.ar\/#website","url":"https:\/\/proagrolab.com.ar\/","name":"Proagro Laboratorio Veterinario","description":"Veterinary laboratory","publisher":{"@id":"https:\/\/proagrolab.com.ar\/#organization"},"potentialAction":[{"@type":"SearchAction","target":{"@type":"EntryPoint","urlTemplate":"https:\/\/proagrolab.com.ar\/?s={search_term_string}"},"query-input":{"@type":"PropertyValueSpecification","valueRequired":true,"valueName":"search_term_string"}}],"inLanguage":"en-US"},{"@type":"Organization","@id":"https:\/\/proagrolab.com.ar\/#organization","name":"Proagro","url":"https:\/\/proagrolab.com.ar\/","logo":{"@type":"ImageObject","inLanguage":"en-US","@id":"https:\/\/proagrolab.com.ar\/#\/schema\/logo\/image\/","url":"https:\/\/proagrolab.com.ar\/wp-content\/uploads\/2020\/04\/logo-retina.png","contentUrl":"https:\/\/proagrolab.com.ar\/wp-content\/uploads\/2020\/04\/logo-retina.png","width":478,"height":120,"caption":"Proagro"},"image":{"@id":"https:\/\/proagrolab.com.ar\/#\/schema\/logo\/image\/"},"sameAs":["http:\/\/www.facebook.com\/proagrolab","https:\/\/www.instagram.com\/proagrolab\/","https:\/\/www.linkedin.com\/company\/laboratorio-proagro-s-a\/"]}]}},"_links":{"self":[{"href":"https:\/\/proagrolab.com.ar\/en\/wp-json\/wp\/v2\/product\/18891","targetHints":{"allow":["GET"]}}],"collection":[{"href":"https:\/\/proagrolab.com.ar\/en\/wp-json\/wp\/v2\/product"}],"about":[{"href":"https:\/\/proagrolab.com.ar\/en\/wp-json\/wp\/v2\/types\/product"}],"wp:featuredmedia":[{"embeddable":true,"href":"https:\/\/proagrolab.com.ar\/en\/wp-json\/wp\/v2\/media\/163479"}],"wp:attachment":[{"href":"https:\/\/proagrolab.com.ar\/en\/wp-json\/wp\/v2\/media?parent=18891"}],"wp:term":[{"taxonomy":"product_brand","embeddable":true,"href":"https:\/\/proagrolab.com.ar\/en\/wp-json\/wp\/v2\/product_brand?post=18891"},{"taxonomy":"product_cat","embeddable":true,"href":"https:\/\/proagrolab.com.ar\/en\/wp-json\/wp\/v2\/product_cat?post=18891"},{"taxonomy":"product_tag","embeddable":true,"href":"https:\/\/proagrolab.com.ar\/en\/wp-json\/wp\/v2\/product_tag?post=18891"}],"curies":[{"name":"wp","href":"https:\/\/api.w.org\/{rel}","templated":true}]}}