{"id":12324,"date":"2020-03-31T18:10:03","date_gmt":"2020-03-31T18:10:03","guid":{"rendered":"https:\/\/proagrolab.com.ar\/?post_type=product&#038;p=12324"},"modified":"2022-02-14T15:50:32","modified_gmt":"2022-02-14T15:50:32","slug":"dexametasona-proagro","status":"publish","type":"product","link":"https:\/\/proagrolab.com.ar\/en\/producto\/dexametasona-proagro\/","title":{"rendered":"Dexametasona Proagro"},"content":{"rendered":"<p><\/p>\n<p><p><b>Composition<\/b><\/p>\n<p>Dexamethasone sodium phosphate &#8230;&#8230; 0.2%<\/p>\n<p><b>Description<\/b><\/p>\n<p>Rapid action anti-inflammatory injection<\/p>\n<p><b>How Supplied<\/b><\/p>\n<p>Vials containing 10 and 20 ml<\/p>\n<p><b>Target Species<\/b><\/p>\n<p>Cattle, Ovine, Equine, Swine, Dogs, Cats<\/p>\n<p><b>Indications<\/b><\/p>\n<p>Inflammatory processes of any origin. Ketosis. Support therapy for down cow syndrome. Helps induce labor in bovines.<br \/>Hypersensitivity and allergic reactions in small animals. Udder edema.<\/p>\n<p><b>Dosage<\/b><\/p>\n<p>Suggested daily dose: <br \/>Cattle (bovine): 2.5 &#8211; 10 ml<br \/>Equine: 1.2 &#8211; 2.5 ml<br \/>Ovine: 1.25 &#8211; 10 ml<\/p>\n<p>Swine: 0.5 &#8211; 1 ml<br \/>Cats and dogs: 0.5 &#8211; 1 ml every 10 kg bw<\/p>\n<\/p>\n<p><\/p>","protected":false},"excerpt":{"rendered":"<p>Composition Dexamethasone sodium phosphate &#8230;&#8230; 0.2% Description Rapid action anti-inflammatory injection How Supplied Vials containing 10 and 20 ml Target Species Cattle, Ovine, Equine, Swine, Dogs, Cats Indications Inflammatory processes of any origin. Ketosis. Support therapy for down cow syndrome. Helps induce labor in bovines.Hypersensitivity and allergic reactions in small animals. Udder edema. Dosage Suggested daily dose: Cattle (bovine): 2.5 &#8211; 10 mlEquine: 1.2 &#8211; 2.5 mlOvine: 1.25 &#8211; 10 ml Swine: 0.5 &#8211; 1 mlCats and dogs: 0.5 &#8211; 1 ml every 10 kg bw<\/p>\n","protected":false},"featured_media":26404,"template":"","meta":{"_acf_changed":false},"product_brand":[],"product_cat":[453],"product_tag":[460,461,462],"class_list":{"0":"post-12324","1":"product","2":"type-product","3":"status-publish","4":"has-post-thumbnail","6":"product_cat-antiinflamatorios","7":"product_tag-equinos","8":"product_tag-feedlot","9":"product_tag-tambo","10":"pif-has-gallery","12":"first","13":"instock","14":"product-type-simple"},"acf":[],"yoast_head":"<!-- This site is optimized with the Yoast SEO plugin v27.4 - https:\/\/yoast.com\/product\/yoast-seo-wordpress\/ -->\n<title>Dexametasona Proagro | Proagro<\/title>\n<meta name=\"description\" content=\"Antiinflamatorio corticoide al 0,2% de r\u00e1pida absorci\u00f3n en el punto de aplicaci\u00f3n. Para procesos inflamatorios en general.\" \/>\n<meta name=\"robots\" content=\"index, follow, max-snippet:-1, max-image-preview:large, max-video-preview:-1\" \/>\n<link rel=\"canonical\" href=\"https:\/\/proagrolab.com.ar\/en\/producto\/dexametasona-proagro\/\" \/>\n<meta property=\"og:locale\" content=\"en_US\" \/>\n<meta property=\"og:type\" content=\"article\" \/>\n<meta property=\"og:title\" content=\"Dexametasona Proagro | Proagro\" \/>\n<meta property=\"og:description\" content=\"Antiinflamatorio corticoide al 0,2% de r\u00e1pida absorci\u00f3n en el punto de aplicaci\u00f3n. Para procesos inflamatorios en general.\" \/>\n<meta property=\"og:url\" content=\"https:\/\/proagrolab.com.ar\/producto\/dexametasona-proagro\/\" \/>\n<meta property=\"og:site_name\" content=\"Proagro\" \/>\n<meta property=\"article:publisher\" content=\"http:\/\/www.facebook.com\/proagrolab\" \/>\n<meta property=\"article:modified_time\" content=\"2022-02-14T15:50:32+00:00\" \/>\n<meta property=\"og:image\" content=\"https:\/\/proagrolab.com.ar\/wp-content\/uploads\/2020\/03\/Dexametasona-Proagro-20ml.png\" \/>\n\t<meta property=\"og:image:width\" content=\"500\" \/>\n\t<meta property=\"og:image:height\" content=\"500\" \/>\n\t<meta property=\"og:image:type\" content=\"image\/png\" \/>\n<meta name=\"twitter:card\" content=\"summary_large_image\" \/>\n<meta name=\"twitter:label1\" content=\"Est. reading time\" \/>\n\t<meta name=\"twitter:data1\" content=\"1 minute\" \/>\n<script type=\"application\/ld+json\" class=\"yoast-schema-graph\">{\"@context\":\"https:\\\/\\\/schema.org\",\"@graph\":[{\"@type\":\"WebPage\",\"@id\":\"https:\\\/\\\/proagrolab.com.ar\\\/producto\\\/dexametasona-proagro\\\/\",\"url\":\"https:\\\/\\\/proagrolab.com.ar\\\/producto\\\/dexametasona-proagro\\\/\",\"name\":\"Dexametasona Proagro | Proagro\",\"isPartOf\":{\"@id\":\"https:\\\/\\\/proagrolab.com.ar\\\/#website\"},\"primaryImageOfPage\":{\"@id\":\"https:\\\/\\\/proagrolab.com.ar\\\/producto\\\/dexametasona-proagro\\\/#primaryimage\"},\"image\":{\"@id\":\"https:\\\/\\\/proagrolab.com.ar\\\/producto\\\/dexametasona-proagro\\\/#primaryimage\"},\"thumbnailUrl\":\"https:\\\/\\\/proagrolab.com.ar\\\/wp-content\\\/uploads\\\/2020\\\/03\\\/Dexametasona-Proagro-20ml.png\",\"datePublished\":\"2020-03-31T18:10:03+00:00\",\"dateModified\":\"2022-02-14T15:50:32+00:00\",\"description\":\"Antiinflamatorio corticoide al 0,2% de r\u00e1pida absorci\u00f3n en el punto de aplicaci\u00f3n. Para procesos inflamatorios en general.\",\"breadcrumb\":{\"@id\":\"https:\\\/\\\/proagrolab.com.ar\\\/producto\\\/dexametasona-proagro\\\/#breadcrumb\"},\"inLanguage\":\"en-US\",\"potentialAction\":[{\"@type\":\"ReadAction\",\"target\":[\"https:\\\/\\\/proagrolab.com.ar\\\/producto\\\/dexametasona-proagro\\\/\"]}]},{\"@type\":\"ImageObject\",\"inLanguage\":\"en-US\",\"@id\":\"https:\\\/\\\/proagrolab.com.ar\\\/producto\\\/dexametasona-proagro\\\/#primaryimage\",\"url\":\"https:\\\/\\\/proagrolab.com.ar\\\/wp-content\\\/uploads\\\/2020\\\/03\\\/Dexametasona-Proagro-20ml.png\",\"contentUrl\":\"https:\\\/\\\/proagrolab.com.ar\\\/wp-content\\\/uploads\\\/2020\\\/03\\\/Dexametasona-Proagro-20ml.png\",\"width\":500,\"height\":500},{\"@type\":\"BreadcrumbList\",\"@id\":\"https:\\\/\\\/proagrolab.com.ar\\\/producto\\\/dexametasona-proagro\\\/#breadcrumb\",\"itemListElement\":[{\"@type\":\"ListItem\",\"position\":1,\"name\":\"Portada\",\"item\":\"https:\\\/\\\/proagrolab.com.ar\\\/\"},{\"@type\":\"ListItem\",\"position\":2,\"name\":\"Productos\",\"item\":\"https:\\\/\\\/proagrolab.com.ar\\\/productos\\\/\"},{\"@type\":\"ListItem\",\"position\":3,\"name\":\"Dexametasona Proagro\"}]},{\"@type\":\"WebSite\",\"@id\":\"https:\\\/\\\/proagrolab.com.ar\\\/#website\",\"url\":\"https:\\\/\\\/proagrolab.com.ar\\\/\",\"name\":\"Proagro Laboratorio Veterinario\",\"description\":\"Veterinary laboratory\",\"publisher\":{\"@id\":\"https:\\\/\\\/proagrolab.com.ar\\\/#organization\"},\"potentialAction\":[{\"@type\":\"SearchAction\",\"target\":{\"@type\":\"EntryPoint\",\"urlTemplate\":\"https:\\\/\\\/proagrolab.com.ar\\\/?s={search_term_string}\"},\"query-input\":{\"@type\":\"PropertyValueSpecification\",\"valueRequired\":true,\"valueName\":\"search_term_string\"}}],\"inLanguage\":\"en-US\"},{\"@type\":\"Organization\",\"@id\":\"https:\\\/\\\/proagrolab.com.ar\\\/#organization\",\"name\":\"Proagro\",\"url\":\"https:\\\/\\\/proagrolab.com.ar\\\/\",\"logo\":{\"@type\":\"ImageObject\",\"inLanguage\":\"en-US\",\"@id\":\"https:\\\/\\\/proagrolab.com.ar\\\/#\\\/schema\\\/logo\\\/image\\\/\",\"url\":\"https:\\\/\\\/proagrolab.com.ar\\\/wp-content\\\/uploads\\\/2020\\\/04\\\/logo-retina.png\",\"contentUrl\":\"https:\\\/\\\/proagrolab.com.ar\\\/wp-content\\\/uploads\\\/2020\\\/04\\\/logo-retina.png\",\"width\":478,\"height\":120,\"caption\":\"Proagro\"},\"image\":{\"@id\":\"https:\\\/\\\/proagrolab.com.ar\\\/#\\\/schema\\\/logo\\\/image\\\/\"},\"sameAs\":[\"http:\\\/\\\/www.facebook.com\\\/proagrolab\",\"https:\\\/\\\/www.instagram.com\\\/proagrolab\\\/\",\"https:\\\/\\\/www.linkedin.com\\\/company\\\/laboratorio-proagro-s-a\\\/\"]}]}<\/script>\n<!-- \/ Yoast SEO plugin. -->","yoast_head_json":{"title":"Dexametasona Proagro | Proagro","description":"Antiinflamatorio corticoide al 0,2% de r\u00e1pida absorci\u00f3n en el punto de aplicaci\u00f3n. Para procesos inflamatorios en general.","robots":{"index":"index","follow":"follow","max-snippet":"max-snippet:-1","max-image-preview":"max-image-preview:large","max-video-preview":"max-video-preview:-1"},"canonical":"https:\/\/proagrolab.com.ar\/en\/producto\/dexametasona-proagro\/","og_locale":"en_US","og_type":"article","og_title":"Dexametasona Proagro | Proagro","og_description":"Antiinflamatorio corticoide al 0,2% de r\u00e1pida absorci\u00f3n en el punto de aplicaci\u00f3n. Para procesos inflamatorios en general.","og_url":"https:\/\/proagrolab.com.ar\/producto\/dexametasona-proagro\/","og_site_name":"Proagro","article_publisher":"http:\/\/www.facebook.com\/proagrolab","article_modified_time":"2022-02-14T15:50:32+00:00","og_image":[{"width":500,"height":500,"url":"https:\/\/proagrolab.com.ar\/wp-content\/uploads\/2020\/03\/Dexametasona-Proagro-20ml.png","type":"image\/png"}],"twitter_card":"summary_large_image","twitter_misc":{"Est. reading time":"1 minute"},"schema":{"@context":"https:\/\/schema.org","@graph":[{"@type":"WebPage","@id":"https:\/\/proagrolab.com.ar\/producto\/dexametasona-proagro\/","url":"https:\/\/proagrolab.com.ar\/producto\/dexametasona-proagro\/","name":"Dexametasona Proagro | Proagro","isPartOf":{"@id":"https:\/\/proagrolab.com.ar\/#website"},"primaryImageOfPage":{"@id":"https:\/\/proagrolab.com.ar\/producto\/dexametasona-proagro\/#primaryimage"},"image":{"@id":"https:\/\/proagrolab.com.ar\/producto\/dexametasona-proagro\/#primaryimage"},"thumbnailUrl":"https:\/\/proagrolab.com.ar\/wp-content\/uploads\/2020\/03\/Dexametasona-Proagro-20ml.png","datePublished":"2020-03-31T18:10:03+00:00","dateModified":"2022-02-14T15:50:32+00:00","description":"Antiinflamatorio corticoide al 0,2% de r\u00e1pida absorci\u00f3n en el punto de aplicaci\u00f3n. Para procesos inflamatorios en general.","breadcrumb":{"@id":"https:\/\/proagrolab.com.ar\/producto\/dexametasona-proagro\/#breadcrumb"},"inLanguage":"en-US","potentialAction":[{"@type":"ReadAction","target":["https:\/\/proagrolab.com.ar\/producto\/dexametasona-proagro\/"]}]},{"@type":"ImageObject","inLanguage":"en-US","@id":"https:\/\/proagrolab.com.ar\/producto\/dexametasona-proagro\/#primaryimage","url":"https:\/\/proagrolab.com.ar\/wp-content\/uploads\/2020\/03\/Dexametasona-Proagro-20ml.png","contentUrl":"https:\/\/proagrolab.com.ar\/wp-content\/uploads\/2020\/03\/Dexametasona-Proagro-20ml.png","width":500,"height":500},{"@type":"BreadcrumbList","@id":"https:\/\/proagrolab.com.ar\/producto\/dexametasona-proagro\/#breadcrumb","itemListElement":[{"@type":"ListItem","position":1,"name":"Portada","item":"https:\/\/proagrolab.com.ar\/"},{"@type":"ListItem","position":2,"name":"Productos","item":"https:\/\/proagrolab.com.ar\/productos\/"},{"@type":"ListItem","position":3,"name":"Dexametasona Proagro"}]},{"@type":"WebSite","@id":"https:\/\/proagrolab.com.ar\/#website","url":"https:\/\/proagrolab.com.ar\/","name":"Proagro Laboratorio Veterinario","description":"Veterinary laboratory","publisher":{"@id":"https:\/\/proagrolab.com.ar\/#organization"},"potentialAction":[{"@type":"SearchAction","target":{"@type":"EntryPoint","urlTemplate":"https:\/\/proagrolab.com.ar\/?s={search_term_string}"},"query-input":{"@type":"PropertyValueSpecification","valueRequired":true,"valueName":"search_term_string"}}],"inLanguage":"en-US"},{"@type":"Organization","@id":"https:\/\/proagrolab.com.ar\/#organization","name":"Proagro","url":"https:\/\/proagrolab.com.ar\/","logo":{"@type":"ImageObject","inLanguage":"en-US","@id":"https:\/\/proagrolab.com.ar\/#\/schema\/logo\/image\/","url":"https:\/\/proagrolab.com.ar\/wp-content\/uploads\/2020\/04\/logo-retina.png","contentUrl":"https:\/\/proagrolab.com.ar\/wp-content\/uploads\/2020\/04\/logo-retina.png","width":478,"height":120,"caption":"Proagro"},"image":{"@id":"https:\/\/proagrolab.com.ar\/#\/schema\/logo\/image\/"},"sameAs":["http:\/\/www.facebook.com\/proagrolab","https:\/\/www.instagram.com\/proagrolab\/","https:\/\/www.linkedin.com\/company\/laboratorio-proagro-s-a\/"]}]}},"_links":{"self":[{"href":"https:\/\/proagrolab.com.ar\/en\/wp-json\/wp\/v2\/product\/12324","targetHints":{"allow":["GET"]}}],"collection":[{"href":"https:\/\/proagrolab.com.ar\/en\/wp-json\/wp\/v2\/product"}],"about":[{"href":"https:\/\/proagrolab.com.ar\/en\/wp-json\/wp\/v2\/types\/product"}],"wp:featuredmedia":[{"embeddable":true,"href":"https:\/\/proagrolab.com.ar\/en\/wp-json\/wp\/v2\/media\/26404"}],"wp:attachment":[{"href":"https:\/\/proagrolab.com.ar\/en\/wp-json\/wp\/v2\/media?parent=12324"}],"wp:term":[{"taxonomy":"product_brand","embeddable":true,"href":"https:\/\/proagrolab.com.ar\/en\/wp-json\/wp\/v2\/product_brand?post=12324"},{"taxonomy":"product_cat","embeddable":true,"href":"https:\/\/proagrolab.com.ar\/en\/wp-json\/wp\/v2\/product_cat?post=12324"},{"taxonomy":"product_tag","embeddable":true,"href":"https:\/\/proagrolab.com.ar\/en\/wp-json\/wp\/v2\/product_tag?post=12324"}],"curies":[{"name":"wp","href":"https:\/\/api.w.org\/{rel}","templated":true}]}}