{"id":12323,"date":"2020-03-31T18:10:03","date_gmt":"2020-03-31T18:10:03","guid":{"rendered":"https:\/\/proagrolab.com.ar\/?post_type=product&#038;p=12323"},"modified":"2022-01-07T14:40:21","modified_gmt":"2022-01-07T14:40:21","slug":"dexa-plus","status":"publish","type":"product","link":"https:\/\/proagrolab.com.ar\/en\/producto\/dexa-plus\/","title":{"rendered":"Dexa Plus"},"content":{"rendered":"<p><\/p>\n<p>\n<p><b>Composition<\/b><\/p>\n<p>Dexamethasone &#8230;&#8230;&#8230;&#8230;&#8230;&#8230;&#8230;&#8230;&#8230;&#8230;&#8230;&#8230;. 2%<\/p>\n<p><b>Description<\/b><\/p>\n<p>Rapid action anti-inflammatory.<\/p>\n<p><b>How Supplied<\/b><\/p>\n<p>Vials containing 50, 100 and 250 ml<\/p>\n<p><b>Target Species<\/b><\/p>\n<p>Cattle, Ovine, Equine, Swine, Dogs, Cats<\/p>\n<p><b>Indications<\/b><\/p>\n<p>Rapid action anti-inflammatory. <br \/>For the treatment of anaphylactic shock, rheumatic or arthritic processes, spinal cord lesions, and other inflammatory processes of diverse etiology. Ketosis. Allergies.<\/p>\n<p><b>Dosage<\/b><\/p>\n<p>Cattle, Ovine, Swine, Equine: 0.125-0.5 ml\/50 kg<br \/>Cats and dogs: 0.05-0.1 ml\/10 kg<br \/>All species, in case of anaphylactic shock: 2-4 ml\/10 kg<\/p>\n<\/p>\n<p><\/p>","protected":false},"excerpt":{"rendered":"<p>Composition Dexamethasone &#8230;&#8230;&#8230;&#8230;&#8230;&#8230;&#8230;&#8230;&#8230;&#8230;&#8230;&#8230;. 2% Description Rapid action anti-inflammatory. How Supplied Vials containing 50, 100 and 250 ml Target Species Cattle, Ovine, Equine, Swine, Dogs, Cats Indications Rapid action anti-inflammatory. For the treatment of anaphylactic shock, rheumatic or arthritic processes, spinal cord lesions, and other inflammatory processes of diverse etiology. Ketosis. Allergies. Dosage Cattle, Ovine, Swine, Equine: 0.125-0.5 ml\/50 kgCats and dogs: 0.05-0.1 ml\/10 kgAll species, in case of anaphylactic shock: 2-4 ml\/10 kg<\/p>\n","protected":false},"featured_media":23704,"template":"","meta":{"_acf_changed":false},"product_brand":[],"product_cat":[453],"product_tag":[460,461,462],"class_list":{"0":"post-12323","1":"product","2":"type-product","3":"status-publish","4":"has-post-thumbnail","6":"product_cat-antiinflamatorios","7":"product_tag-equinos","8":"product_tag-feedlot","9":"product_tag-tambo","10":"pif-has-gallery","12":"first","13":"instock","14":"product-type-simple"},"acf":[],"yoast_head":"<!-- This site is optimized with the Yoast SEO plugin v27.6 - https:\/\/yoast.com\/product\/yoast-seo-wordpress\/ -->\n<title>Dexa Plus | Proagro<\/title>\n<meta name=\"description\" content=\"Antiinflamatorio corticoide al 2% de r\u00e1pida acci\u00f3n y larga duraci\u00f3n.\" \/>\n<meta name=\"robots\" content=\"index, follow, max-snippet:-1, max-image-preview:large, max-video-preview:-1\" \/>\n<link rel=\"canonical\" href=\"https:\/\/proagrolab.com.ar\/en\/producto\/dexa-plus\/\" \/>\n<meta property=\"og:locale\" content=\"en_US\" \/>\n<meta property=\"og:type\" content=\"article\" \/>\n<meta property=\"og:title\" content=\"Dexa Plus | Proagro\" \/>\n<meta property=\"og:description\" content=\"Antiinflamatorio corticoide al 2% de r\u00e1pida acci\u00f3n y larga duraci\u00f3n.\" \/>\n<meta property=\"og:url\" content=\"https:\/\/proagrolab.com.ar\/producto\/dexa-plus\/\" \/>\n<meta property=\"og:site_name\" content=\"Proagro\" \/>\n<meta property=\"article:publisher\" content=\"http:\/\/www.facebook.com\/proagrolab\" \/>\n<meta property=\"article:modified_time\" content=\"2022-01-07T14:40:21+00:00\" \/>\n<meta property=\"og:image\" content=\"https:\/\/proagrolab.com.ar\/wp-content\/uploads\/2020\/03\/DexaPlus-50ml.png\" \/>\n\t<meta property=\"og:image:width\" content=\"500\" \/>\n\t<meta property=\"og:image:height\" content=\"500\" \/>\n\t<meta property=\"og:image:type\" content=\"image\/png\" \/>\n<meta name=\"twitter:card\" content=\"summary_large_image\" \/>\n<meta name=\"twitter:label1\" content=\"Est. reading time\" \/>\n\t<meta name=\"twitter:data1\" content=\"1 minute\" \/>\n<script type=\"application\/ld+json\" class=\"yoast-schema-graph\">{\"@context\":\"https:\\\/\\\/schema.org\",\"@graph\":[{\"@type\":\"WebPage\",\"@id\":\"https:\\\/\\\/proagrolab.com.ar\\\/producto\\\/dexa-plus\\\/\",\"url\":\"https:\\\/\\\/proagrolab.com.ar\\\/producto\\\/dexa-plus\\\/\",\"name\":\"Dexa Plus | Proagro\",\"isPartOf\":{\"@id\":\"https:\\\/\\\/proagrolab.com.ar\\\/#website\"},\"primaryImageOfPage\":{\"@id\":\"https:\\\/\\\/proagrolab.com.ar\\\/producto\\\/dexa-plus\\\/#primaryimage\"},\"image\":{\"@id\":\"https:\\\/\\\/proagrolab.com.ar\\\/producto\\\/dexa-plus\\\/#primaryimage\"},\"thumbnailUrl\":\"https:\\\/\\\/proagrolab.com.ar\\\/wp-content\\\/uploads\\\/2020\\\/03\\\/DexaPlus-50ml.png\",\"datePublished\":\"2020-03-31T18:10:03+00:00\",\"dateModified\":\"2022-01-07T14:40:21+00:00\",\"description\":\"Antiinflamatorio corticoide al 2% de r\u00e1pida acci\u00f3n y larga duraci\u00f3n.\",\"breadcrumb\":{\"@id\":\"https:\\\/\\\/proagrolab.com.ar\\\/producto\\\/dexa-plus\\\/#breadcrumb\"},\"inLanguage\":\"en-US\",\"potentialAction\":[{\"@type\":\"ReadAction\",\"target\":[\"https:\\\/\\\/proagrolab.com.ar\\\/producto\\\/dexa-plus\\\/\"]}]},{\"@type\":\"ImageObject\",\"inLanguage\":\"en-US\",\"@id\":\"https:\\\/\\\/proagrolab.com.ar\\\/producto\\\/dexa-plus\\\/#primaryimage\",\"url\":\"https:\\\/\\\/proagrolab.com.ar\\\/wp-content\\\/uploads\\\/2020\\\/03\\\/DexaPlus-50ml.png\",\"contentUrl\":\"https:\\\/\\\/proagrolab.com.ar\\\/wp-content\\\/uploads\\\/2020\\\/03\\\/DexaPlus-50ml.png\",\"width\":500,\"height\":500},{\"@type\":\"BreadcrumbList\",\"@id\":\"https:\\\/\\\/proagrolab.com.ar\\\/producto\\\/dexa-plus\\\/#breadcrumb\",\"itemListElement\":[{\"@type\":\"ListItem\",\"position\":1,\"name\":\"Portada\",\"item\":\"https:\\\/\\\/proagrolab.com.ar\\\/\"},{\"@type\":\"ListItem\",\"position\":2,\"name\":\"Productos\",\"item\":\"https:\\\/\\\/proagrolab.com.ar\\\/productos\\\/\"},{\"@type\":\"ListItem\",\"position\":3,\"name\":\"Dexa Plus\"}]},{\"@type\":\"WebSite\",\"@id\":\"https:\\\/\\\/proagrolab.com.ar\\\/#website\",\"url\":\"https:\\\/\\\/proagrolab.com.ar\\\/\",\"name\":\"Proagro Laboratorio Veterinario\",\"description\":\"Veterinary laboratory\",\"publisher\":{\"@id\":\"https:\\\/\\\/proagrolab.com.ar\\\/#organization\"},\"potentialAction\":[{\"@type\":\"SearchAction\",\"target\":{\"@type\":\"EntryPoint\",\"urlTemplate\":\"https:\\\/\\\/proagrolab.com.ar\\\/?s={search_term_string}\"},\"query-input\":{\"@type\":\"PropertyValueSpecification\",\"valueRequired\":true,\"valueName\":\"search_term_string\"}}],\"inLanguage\":\"en-US\"},{\"@type\":\"Organization\",\"@id\":\"https:\\\/\\\/proagrolab.com.ar\\\/#organization\",\"name\":\"Proagro\",\"url\":\"https:\\\/\\\/proagrolab.com.ar\\\/\",\"logo\":{\"@type\":\"ImageObject\",\"inLanguage\":\"en-US\",\"@id\":\"https:\\\/\\\/proagrolab.com.ar\\\/#\\\/schema\\\/logo\\\/image\\\/\",\"url\":\"https:\\\/\\\/proagrolab.com.ar\\\/wp-content\\\/uploads\\\/2020\\\/04\\\/logo-retina.png\",\"contentUrl\":\"https:\\\/\\\/proagrolab.com.ar\\\/wp-content\\\/uploads\\\/2020\\\/04\\\/logo-retina.png\",\"width\":478,\"height\":120,\"caption\":\"Proagro\"},\"image\":{\"@id\":\"https:\\\/\\\/proagrolab.com.ar\\\/#\\\/schema\\\/logo\\\/image\\\/\"},\"sameAs\":[\"http:\\\/\\\/www.facebook.com\\\/proagrolab\",\"https:\\\/\\\/www.instagram.com\\\/proagrolab\\\/\",\"https:\\\/\\\/www.linkedin.com\\\/company\\\/laboratorio-proagro-s-a\\\/\"]}]}<\/script>\n<!-- \/ Yoast SEO plugin. -->","yoast_head_json":{"title":"Dexa Plus | Proagro","description":"Antiinflamatorio corticoide al 2% de r\u00e1pida acci\u00f3n y larga duraci\u00f3n.","robots":{"index":"index","follow":"follow","max-snippet":"max-snippet:-1","max-image-preview":"max-image-preview:large","max-video-preview":"max-video-preview:-1"},"canonical":"https:\/\/proagrolab.com.ar\/en\/producto\/dexa-plus\/","og_locale":"en_US","og_type":"article","og_title":"Dexa Plus | Proagro","og_description":"Antiinflamatorio corticoide al 2% de r\u00e1pida acci\u00f3n y larga duraci\u00f3n.","og_url":"https:\/\/proagrolab.com.ar\/producto\/dexa-plus\/","og_site_name":"Proagro","article_publisher":"http:\/\/www.facebook.com\/proagrolab","article_modified_time":"2022-01-07T14:40:21+00:00","og_image":[{"width":500,"height":500,"url":"https:\/\/proagrolab.com.ar\/wp-content\/uploads\/2020\/03\/DexaPlus-50ml.png","type":"image\/png"}],"twitter_card":"summary_large_image","twitter_misc":{"Est. reading time":"1 minute"},"schema":{"@context":"https:\/\/schema.org","@graph":[{"@type":"WebPage","@id":"https:\/\/proagrolab.com.ar\/producto\/dexa-plus\/","url":"https:\/\/proagrolab.com.ar\/producto\/dexa-plus\/","name":"Dexa Plus | Proagro","isPartOf":{"@id":"https:\/\/proagrolab.com.ar\/#website"},"primaryImageOfPage":{"@id":"https:\/\/proagrolab.com.ar\/producto\/dexa-plus\/#primaryimage"},"image":{"@id":"https:\/\/proagrolab.com.ar\/producto\/dexa-plus\/#primaryimage"},"thumbnailUrl":"https:\/\/proagrolab.com.ar\/wp-content\/uploads\/2020\/03\/DexaPlus-50ml.png","datePublished":"2020-03-31T18:10:03+00:00","dateModified":"2022-01-07T14:40:21+00:00","description":"Antiinflamatorio corticoide al 2% de r\u00e1pida acci\u00f3n y larga duraci\u00f3n.","breadcrumb":{"@id":"https:\/\/proagrolab.com.ar\/producto\/dexa-plus\/#breadcrumb"},"inLanguage":"en-US","potentialAction":[{"@type":"ReadAction","target":["https:\/\/proagrolab.com.ar\/producto\/dexa-plus\/"]}]},{"@type":"ImageObject","inLanguage":"en-US","@id":"https:\/\/proagrolab.com.ar\/producto\/dexa-plus\/#primaryimage","url":"https:\/\/proagrolab.com.ar\/wp-content\/uploads\/2020\/03\/DexaPlus-50ml.png","contentUrl":"https:\/\/proagrolab.com.ar\/wp-content\/uploads\/2020\/03\/DexaPlus-50ml.png","width":500,"height":500},{"@type":"BreadcrumbList","@id":"https:\/\/proagrolab.com.ar\/producto\/dexa-plus\/#breadcrumb","itemListElement":[{"@type":"ListItem","position":1,"name":"Portada","item":"https:\/\/proagrolab.com.ar\/"},{"@type":"ListItem","position":2,"name":"Productos","item":"https:\/\/proagrolab.com.ar\/productos\/"},{"@type":"ListItem","position":3,"name":"Dexa Plus"}]},{"@type":"WebSite","@id":"https:\/\/proagrolab.com.ar\/#website","url":"https:\/\/proagrolab.com.ar\/","name":"Proagro Laboratorio Veterinario","description":"Veterinary laboratory","publisher":{"@id":"https:\/\/proagrolab.com.ar\/#organization"},"potentialAction":[{"@type":"SearchAction","target":{"@type":"EntryPoint","urlTemplate":"https:\/\/proagrolab.com.ar\/?s={search_term_string}"},"query-input":{"@type":"PropertyValueSpecification","valueRequired":true,"valueName":"search_term_string"}}],"inLanguage":"en-US"},{"@type":"Organization","@id":"https:\/\/proagrolab.com.ar\/#organization","name":"Proagro","url":"https:\/\/proagrolab.com.ar\/","logo":{"@type":"ImageObject","inLanguage":"en-US","@id":"https:\/\/proagrolab.com.ar\/#\/schema\/logo\/image\/","url":"https:\/\/proagrolab.com.ar\/wp-content\/uploads\/2020\/04\/logo-retina.png","contentUrl":"https:\/\/proagrolab.com.ar\/wp-content\/uploads\/2020\/04\/logo-retina.png","width":478,"height":120,"caption":"Proagro"},"image":{"@id":"https:\/\/proagrolab.com.ar\/#\/schema\/logo\/image\/"},"sameAs":["http:\/\/www.facebook.com\/proagrolab","https:\/\/www.instagram.com\/proagrolab\/","https:\/\/www.linkedin.com\/company\/laboratorio-proagro-s-a\/"]}]}},"_links":{"self":[{"href":"https:\/\/proagrolab.com.ar\/en\/wp-json\/wp\/v2\/product\/12323","targetHints":{"allow":["GET"]}}],"collection":[{"href":"https:\/\/proagrolab.com.ar\/en\/wp-json\/wp\/v2\/product"}],"about":[{"href":"https:\/\/proagrolab.com.ar\/en\/wp-json\/wp\/v2\/types\/product"}],"wp:featuredmedia":[{"embeddable":true,"href":"https:\/\/proagrolab.com.ar\/en\/wp-json\/wp\/v2\/media\/23704"}],"wp:attachment":[{"href":"https:\/\/proagrolab.com.ar\/en\/wp-json\/wp\/v2\/media?parent=12323"}],"wp:term":[{"taxonomy":"product_brand","embeddable":true,"href":"https:\/\/proagrolab.com.ar\/en\/wp-json\/wp\/v2\/product_brand?post=12323"},{"taxonomy":"product_cat","embeddable":true,"href":"https:\/\/proagrolab.com.ar\/en\/wp-json\/wp\/v2\/product_cat?post=12323"},{"taxonomy":"product_tag","embeddable":true,"href":"https:\/\/proagrolab.com.ar\/en\/wp-json\/wp\/v2\/product_tag?post=12323"}],"curies":[{"name":"wp","href":"https:\/\/api.w.org\/{rel}","templated":true}]}}