{"id":12315,"date":"2020-03-31T18:10:03","date_gmt":"2020-03-31T18:10:03","guid":{"rendered":"https:\/\/proagrolab.com.ar\/?post_type=product&#038;p=12315"},"modified":"2024-05-09T18:49:09","modified_gmt":"2024-05-09T18:49:09","slug":"penicilina-5-000-000-u-i","status":"publish","type":"product","link":"https:\/\/proagrolab.com.ar\/en\/producto\/penicilina-5-000-000-u-i\/","title":{"rendered":"Penicilina 5.000.000 U.I."},"content":{"rendered":"<p><\/p>\n<p><p><b>Composition<\/b><\/p>\n<p>Each vial with dry powder for reconstitution contains:<\/p>\n<p>Penicillin G Benzathine \u00a0\u2026\u2026\u2026\u2026\u2026\u2026\u2026. 2,500,000 IU<\/p>\n<p>Penicillin G Sodium &#8230;&#8230;&#8230;&#8230;&#8230;&#8230;&#8230;&#8230;&#8230;&#8230;. 2,500,000 IU<\/p>\n<p>Streptomycin sulfate &#8230;&#8230;&#8230;&#8230;&#8230;&#8230;&#8230;&#8230;&#8230;&#8230;&#8230;&#8230;&#8230;&#8230;&#8230;2 g<\/p>\n<p><b>Description<\/b><\/p>\n<p>Broad-spectrum antibiotic injection.<\/p>\n<p><b>How Supplied<\/b><\/p>\n<p>Boxes containing 1 vial with dry powder for reconstitution, and 1 vial containing solvent.<br \/>Boxes containing 6 vials with dry powder for reconstitution, and 6 vials containing solvent.<\/p>\n<p><b>Target Species<\/b><\/p>\n<p>Cattle, Ovine, Equine, Swine, Dogs, Cats<\/p>\n<p><b>Indications<\/b><\/p>\n<p>Penicilina Estrepto 5.000.000 UI Proagro is a broad spectrum antibiotic injection with bactericidal effect, for the treatment of infectious processes caused by microorganisms susceptible to the combination of penicillin and streptomycin.<\/p>\n<p><b>Dosage<\/b><\/p>\n<p>Cattle: adults and calves &#8230;&#8230;&#8230;&#8230;&#8230;&#8230;&#8230;.. 3.5-6 ml\/45 kg bw<\/p>\n<p>Ewes and rams &#8230;&#8230;&#8230;&#8230;&#8230;&#8230;&#8230;&#8230;&#8230;&#8230;&#8230;&#8230;&#8230;. 1.2-2 ml\/15 kg bw<\/p>\n<p>Lambs &#8230;&#8230;&#8230;&#8230;&#8230;&#8230;&#8230;&#8230;&#8230;&#8230;&#8230;&#8230;&#8230;&#8230;&#8230;&#8230;&#8230; 0.5-0.7 ml\/5 kg bw<\/p>\n<p>Equine: adults and foals &#8230;&#8230;&#8230;&#8230;&#8230;&#8230;&#8230;&#8230;.. 3.6-6 ml\/45 kg bw<\/p>\n<p>Swine: sows, barrows &#8230;&#8230;&#8230;&#8230;&#8230;&#8230;&#8230;. 2.4 -4 ml\/30 kg bw<\/p>\n<p>Suckling pigs &#8230;&#8230;&#8230;&#8230;&#8230;&#8230;&#8230;&#8230;&#8230;&#8230;&#8230;&#8230;&#8230;&#8230;. 0.4-0.7 ml\/5 kg bw<\/p>\n<p>Cats and dogs &#8230;&#8230;&#8230;&#8230;&#8230;&#8230;&#8230;&#8230;&#8230;&#8230;&#8230;&#8230;&#8230;&#8230; 0.4-0.7 ml\/5 kg bw<\/p>\n<p>The actual dose will be administered according to the seriousness of the condition, symptoms, and the indications of the veterinarian in charge. <br \/>The dose can be repeated after 24-48 hours in all target species except dogs and cats, for which the interval should be 24 hours.<\/p>\n<\/p>\n<p><\/p>","protected":false},"excerpt":{"rendered":"<p>Composition Each vial with dry powder for reconstitution contains: Penicillin G Benzathine \u00a0\u2026\u2026\u2026\u2026\u2026\u2026\u2026. 2,500,000 IU Penicillin G Sodium &#8230;&#8230;&#8230;&#8230;&#8230;&#8230;&#8230;&#8230;&#8230;&#8230;. 2,500,000 IU Streptomycin sulfate &#8230;&#8230;&#8230;&#8230;&#8230;&#8230;&#8230;&#8230;&#8230;&#8230;&#8230;&#8230;&#8230;&#8230;&#8230;2 g Description Broad-spectrum antibiotic injection. How Supplied Boxes containing 1 vial with dry powder for reconstitution, and 1 vial containing solvent.Boxes containing 6 vials with dry powder for reconstitution, and 6 vials containing solvent. Target Species Cattle, Ovine, Equine, Swine, Dogs, Cats Indications Penicilina Estrepto 5.000.000 UI Proagro is a broad spectrum antibiotic injection with bactericidal effect, for the treatment of infectious processes caused by microorganisms susceptible to the combination of penicillin and streptomycin. Dosage Cattle: adults and calves &#8230;&#8230;&#8230;&#8230;&#8230;&#8230;&#8230;.. 3.5-6 ml\/45 kg bw Ewes and rams &#8230;&#8230;&#8230;&#8230;&#8230;&#8230;&#8230;&#8230;&#8230;&#8230;&#8230;&#8230;&#8230;. 1.2-2 ml\/15 kg bw Lambs &#8230;&#8230;&#8230;&#8230;&#8230;&#8230;&#8230;&#8230;&#8230;&#8230;&#8230;&#8230;&#8230;&#8230;&#8230;&#8230;&#8230; 0.5-0.7 ml\/5 kg bw Equine: adults and foals &#8230;&#8230;&#8230;&#8230;&#8230;&#8230;&#8230;&#8230;.. 3.6-6 ml\/45 kg bw Swine: sows, barrows &#8230;&#8230;&#8230;&#8230;&#8230;&#8230;&#8230;. 2.4 -4 ml\/30 kg bw Suckling pigs &#8230;&#8230;&#8230;&#8230;&#8230;&#8230;&#8230;&#8230;&#8230;&#8230;&#8230;&#8230;&#8230;&#8230;. 0.4-0.7 ml\/5 kg bw Cats and dogs &#8230;&#8230;&#8230;&#8230;&#8230;&#8230;&#8230;&#8230;&#8230;&#8230;&#8230;&#8230;&#8230;&#8230; 0.4-0.7 ml\/5 kg bw The actual dose will be administered according to the seriousness of the condition, symptoms, and the indications of the veterinarian in charge. The dose can be repeated after 24-48 hours in all target species except dogs and cats, for which the interval should be 24 [&hellip;]<\/p>\n","protected":false},"featured_media":23693,"template":"","meta":{"_acf_changed":false},"product_brand":[],"product_cat":[443],"product_tag":[557,556,460,461,569,567,484,462],"class_list":{"0":"post-12315","1":"product","2":"type-product","3":"status-publish","4":"has-post-thumbnail","6":"product_cat-antibioticos","7":"product_tag-bovinos","8":"product_tag-caninos","9":"product_tag-equinos","10":"product_tag-feedlot","11":"product_tag-felinos","12":"product_tag-ovinos","13":"product_tag-porcinos","14":"product_tag-tambo","15":"pif-has-gallery","17":"first","18":"instock","19":"product-type-simple"},"acf":[],"yoast_head":"<!-- This site is optimized with the Yoast SEO plugin v27.4 - https:\/\/yoast.com\/product\/yoast-seo-wordpress\/ -->\n<title>Penicilina 5.000.000 U.I. | Proagro<\/title>\n<meta name=\"description\" content=\"Combinaci\u00f3n antibi\u00f3tica de amplio espectro y larga acci\u00f3n. Uso preventivo en operaciones quir\u00fargicas de rutina - descorne, descole - y otros procesos quir\u00fargicos mayores.\" \/>\n<meta name=\"robots\" content=\"index, follow, max-snippet:-1, max-image-preview:large, max-video-preview:-1\" \/>\n<link rel=\"canonical\" href=\"https:\/\/proagrolab.com.ar\/en\/producto\/penicilina-5-000-000-u-i\/\" \/>\n<meta property=\"og:locale\" content=\"en_US\" \/>\n<meta property=\"og:type\" content=\"article\" \/>\n<meta property=\"og:title\" content=\"Penicilina 5.000.000 U.I. | Proagro\" \/>\n<meta property=\"og:description\" content=\"Combinaci\u00f3n antibi\u00f3tica de amplio espectro y larga acci\u00f3n. Uso preventivo en operaciones quir\u00fargicas de rutina - descorne, descole - y otros procesos quir\u00fargicos mayores.\" \/>\n<meta property=\"og:url\" content=\"https:\/\/proagrolab.com.ar\/producto\/penicilina-5-000-000-u-i\/\" \/>\n<meta property=\"og:site_name\" content=\"Proagro\" \/>\n<meta property=\"article:publisher\" content=\"http:\/\/www.facebook.com\/proagrolab\" \/>\n<meta property=\"article:modified_time\" content=\"2024-05-09T18:49:09+00:00\" \/>\n<meta property=\"og:image\" content=\"https:\/\/proagrolab.com.ar\/wp-content\/uploads\/2020\/03\/Penicilina-Estrepto-Estuchefrascos.png\" \/>\n\t<meta property=\"og:image:width\" content=\"500\" \/>\n\t<meta property=\"og:image:height\" content=\"500\" \/>\n\t<meta property=\"og:image:type\" content=\"image\/png\" \/>\n<meta name=\"twitter:card\" content=\"summary_large_image\" \/>\n<meta name=\"twitter:label1\" content=\"Est. reading time\" \/>\n\t<meta name=\"twitter:data1\" content=\"1 minute\" \/>\n<script type=\"application\/ld+json\" class=\"yoast-schema-graph\">{\"@context\":\"https:\\\/\\\/schema.org\",\"@graph\":[{\"@type\":\"WebPage\",\"@id\":\"https:\\\/\\\/proagrolab.com.ar\\\/producto\\\/penicilina-5-000-000-u-i\\\/\",\"url\":\"https:\\\/\\\/proagrolab.com.ar\\\/producto\\\/penicilina-5-000-000-u-i\\\/\",\"name\":\"Penicilina 5.000.000 U.I. | Proagro\",\"isPartOf\":{\"@id\":\"https:\\\/\\\/proagrolab.com.ar\\\/#website\"},\"primaryImageOfPage\":{\"@id\":\"https:\\\/\\\/proagrolab.com.ar\\\/producto\\\/penicilina-5-000-000-u-i\\\/#primaryimage\"},\"image\":{\"@id\":\"https:\\\/\\\/proagrolab.com.ar\\\/producto\\\/penicilina-5-000-000-u-i\\\/#primaryimage\"},\"thumbnailUrl\":\"https:\\\/\\\/proagrolab.com.ar\\\/wp-content\\\/uploads\\\/2020\\\/03\\\/Penicilina-Estrepto-Estuchefrascos.png\",\"datePublished\":\"2020-03-31T18:10:03+00:00\",\"dateModified\":\"2024-05-09T18:49:09+00:00\",\"description\":\"Combinaci\u00f3n antibi\u00f3tica de amplio espectro y larga acci\u00f3n. Uso preventivo en operaciones quir\u00fargicas de rutina - descorne, descole - y otros procesos quir\u00fargicos mayores.\",\"breadcrumb\":{\"@id\":\"https:\\\/\\\/proagrolab.com.ar\\\/producto\\\/penicilina-5-000-000-u-i\\\/#breadcrumb\"},\"inLanguage\":\"en-US\",\"potentialAction\":[{\"@type\":\"ReadAction\",\"target\":[\"https:\\\/\\\/proagrolab.com.ar\\\/producto\\\/penicilina-5-000-000-u-i\\\/\"]}]},{\"@type\":\"ImageObject\",\"inLanguage\":\"en-US\",\"@id\":\"https:\\\/\\\/proagrolab.com.ar\\\/producto\\\/penicilina-5-000-000-u-i\\\/#primaryimage\",\"url\":\"https:\\\/\\\/proagrolab.com.ar\\\/wp-content\\\/uploads\\\/2020\\\/03\\\/Penicilina-Estrepto-Estuchefrascos.png\",\"contentUrl\":\"https:\\\/\\\/proagrolab.com.ar\\\/wp-content\\\/uploads\\\/2020\\\/03\\\/Penicilina-Estrepto-Estuchefrascos.png\",\"width\":500,\"height\":500},{\"@type\":\"BreadcrumbList\",\"@id\":\"https:\\\/\\\/proagrolab.com.ar\\\/producto\\\/penicilina-5-000-000-u-i\\\/#breadcrumb\",\"itemListElement\":[{\"@type\":\"ListItem\",\"position\":1,\"name\":\"Portada\",\"item\":\"https:\\\/\\\/proagrolab.com.ar\\\/\"},{\"@type\":\"ListItem\",\"position\":2,\"name\":\"Productos\",\"item\":\"https:\\\/\\\/proagrolab.com.ar\\\/productos\\\/\"},{\"@type\":\"ListItem\",\"position\":3,\"name\":\"Penicilina Estrepto Proagro 5.000.000 U.I.\"}]},{\"@type\":\"WebSite\",\"@id\":\"https:\\\/\\\/proagrolab.com.ar\\\/#website\",\"url\":\"https:\\\/\\\/proagrolab.com.ar\\\/\",\"name\":\"Proagro Laboratorio Veterinario\",\"description\":\"Veterinary laboratory\",\"publisher\":{\"@id\":\"https:\\\/\\\/proagrolab.com.ar\\\/#organization\"},\"potentialAction\":[{\"@type\":\"SearchAction\",\"target\":{\"@type\":\"EntryPoint\",\"urlTemplate\":\"https:\\\/\\\/proagrolab.com.ar\\\/?s={search_term_string}\"},\"query-input\":{\"@type\":\"PropertyValueSpecification\",\"valueRequired\":true,\"valueName\":\"search_term_string\"}}],\"inLanguage\":\"en-US\"},{\"@type\":\"Organization\",\"@id\":\"https:\\\/\\\/proagrolab.com.ar\\\/#organization\",\"name\":\"Proagro\",\"url\":\"https:\\\/\\\/proagrolab.com.ar\\\/\",\"logo\":{\"@type\":\"ImageObject\",\"inLanguage\":\"en-US\",\"@id\":\"https:\\\/\\\/proagrolab.com.ar\\\/#\\\/schema\\\/logo\\\/image\\\/\",\"url\":\"https:\\\/\\\/proagrolab.com.ar\\\/wp-content\\\/uploads\\\/2020\\\/04\\\/logo-retina.png\",\"contentUrl\":\"https:\\\/\\\/proagrolab.com.ar\\\/wp-content\\\/uploads\\\/2020\\\/04\\\/logo-retina.png\",\"width\":478,\"height\":120,\"caption\":\"Proagro\"},\"image\":{\"@id\":\"https:\\\/\\\/proagrolab.com.ar\\\/#\\\/schema\\\/logo\\\/image\\\/\"},\"sameAs\":[\"http:\\\/\\\/www.facebook.com\\\/proagrolab\",\"https:\\\/\\\/www.instagram.com\\\/proagrolab\\\/\",\"https:\\\/\\\/www.linkedin.com\\\/company\\\/laboratorio-proagro-s-a\\\/\"]}]}<\/script>\n<!-- \/ Yoast SEO plugin. -->","yoast_head_json":{"title":"Penicilina 5.000.000 U.I. | Proagro","description":"Combinaci\u00f3n antibi\u00f3tica de amplio espectro y larga acci\u00f3n. Uso preventivo en operaciones quir\u00fargicas de rutina - descorne, descole - y otros procesos quir\u00fargicos mayores.","robots":{"index":"index","follow":"follow","max-snippet":"max-snippet:-1","max-image-preview":"max-image-preview:large","max-video-preview":"max-video-preview:-1"},"canonical":"https:\/\/proagrolab.com.ar\/en\/producto\/penicilina-5-000-000-u-i\/","og_locale":"en_US","og_type":"article","og_title":"Penicilina 5.000.000 U.I. | Proagro","og_description":"Combinaci\u00f3n antibi\u00f3tica de amplio espectro y larga acci\u00f3n. Uso preventivo en operaciones quir\u00fargicas de rutina - descorne, descole - y otros procesos quir\u00fargicos mayores.","og_url":"https:\/\/proagrolab.com.ar\/producto\/penicilina-5-000-000-u-i\/","og_site_name":"Proagro","article_publisher":"http:\/\/www.facebook.com\/proagrolab","article_modified_time":"2024-05-09T18:49:09+00:00","og_image":[{"width":500,"height":500,"url":"https:\/\/proagrolab.com.ar\/wp-content\/uploads\/2020\/03\/Penicilina-Estrepto-Estuchefrascos.png","type":"image\/png"}],"twitter_card":"summary_large_image","twitter_misc":{"Est. reading time":"1 minute"},"schema":{"@context":"https:\/\/schema.org","@graph":[{"@type":"WebPage","@id":"https:\/\/proagrolab.com.ar\/producto\/penicilina-5-000-000-u-i\/","url":"https:\/\/proagrolab.com.ar\/producto\/penicilina-5-000-000-u-i\/","name":"Penicilina 5.000.000 U.I. | Proagro","isPartOf":{"@id":"https:\/\/proagrolab.com.ar\/#website"},"primaryImageOfPage":{"@id":"https:\/\/proagrolab.com.ar\/producto\/penicilina-5-000-000-u-i\/#primaryimage"},"image":{"@id":"https:\/\/proagrolab.com.ar\/producto\/penicilina-5-000-000-u-i\/#primaryimage"},"thumbnailUrl":"https:\/\/proagrolab.com.ar\/wp-content\/uploads\/2020\/03\/Penicilina-Estrepto-Estuchefrascos.png","datePublished":"2020-03-31T18:10:03+00:00","dateModified":"2024-05-09T18:49:09+00:00","description":"Combinaci\u00f3n antibi\u00f3tica de amplio espectro y larga acci\u00f3n. Uso preventivo en operaciones quir\u00fargicas de rutina - descorne, descole - y otros procesos quir\u00fargicos mayores.","breadcrumb":{"@id":"https:\/\/proagrolab.com.ar\/producto\/penicilina-5-000-000-u-i\/#breadcrumb"},"inLanguage":"en-US","potentialAction":[{"@type":"ReadAction","target":["https:\/\/proagrolab.com.ar\/producto\/penicilina-5-000-000-u-i\/"]}]},{"@type":"ImageObject","inLanguage":"en-US","@id":"https:\/\/proagrolab.com.ar\/producto\/penicilina-5-000-000-u-i\/#primaryimage","url":"https:\/\/proagrolab.com.ar\/wp-content\/uploads\/2020\/03\/Penicilina-Estrepto-Estuchefrascos.png","contentUrl":"https:\/\/proagrolab.com.ar\/wp-content\/uploads\/2020\/03\/Penicilina-Estrepto-Estuchefrascos.png","width":500,"height":500},{"@type":"BreadcrumbList","@id":"https:\/\/proagrolab.com.ar\/producto\/penicilina-5-000-000-u-i\/#breadcrumb","itemListElement":[{"@type":"ListItem","position":1,"name":"Portada","item":"https:\/\/proagrolab.com.ar\/"},{"@type":"ListItem","position":2,"name":"Productos","item":"https:\/\/proagrolab.com.ar\/productos\/"},{"@type":"ListItem","position":3,"name":"Penicilina Estrepto Proagro 5.000.000 U.I."}]},{"@type":"WebSite","@id":"https:\/\/proagrolab.com.ar\/#website","url":"https:\/\/proagrolab.com.ar\/","name":"Proagro Laboratorio Veterinario","description":"Veterinary laboratory","publisher":{"@id":"https:\/\/proagrolab.com.ar\/#organization"},"potentialAction":[{"@type":"SearchAction","target":{"@type":"EntryPoint","urlTemplate":"https:\/\/proagrolab.com.ar\/?s={search_term_string}"},"query-input":{"@type":"PropertyValueSpecification","valueRequired":true,"valueName":"search_term_string"}}],"inLanguage":"en-US"},{"@type":"Organization","@id":"https:\/\/proagrolab.com.ar\/#organization","name":"Proagro","url":"https:\/\/proagrolab.com.ar\/","logo":{"@type":"ImageObject","inLanguage":"en-US","@id":"https:\/\/proagrolab.com.ar\/#\/schema\/logo\/image\/","url":"https:\/\/proagrolab.com.ar\/wp-content\/uploads\/2020\/04\/logo-retina.png","contentUrl":"https:\/\/proagrolab.com.ar\/wp-content\/uploads\/2020\/04\/logo-retina.png","width":478,"height":120,"caption":"Proagro"},"image":{"@id":"https:\/\/proagrolab.com.ar\/#\/schema\/logo\/image\/"},"sameAs":["http:\/\/www.facebook.com\/proagrolab","https:\/\/www.instagram.com\/proagrolab\/","https:\/\/www.linkedin.com\/company\/laboratorio-proagro-s-a\/"]}]}},"_links":{"self":[{"href":"https:\/\/proagrolab.com.ar\/en\/wp-json\/wp\/v2\/product\/12315","targetHints":{"allow":["GET"]}}],"collection":[{"href":"https:\/\/proagrolab.com.ar\/en\/wp-json\/wp\/v2\/product"}],"about":[{"href":"https:\/\/proagrolab.com.ar\/en\/wp-json\/wp\/v2\/types\/product"}],"wp:featuredmedia":[{"embeddable":true,"href":"https:\/\/proagrolab.com.ar\/en\/wp-json\/wp\/v2\/media\/23693"}],"wp:attachment":[{"href":"https:\/\/proagrolab.com.ar\/en\/wp-json\/wp\/v2\/media?parent=12315"}],"wp:term":[{"taxonomy":"product_brand","embeddable":true,"href":"https:\/\/proagrolab.com.ar\/en\/wp-json\/wp\/v2\/product_brand?post=12315"},{"taxonomy":"product_cat","embeddable":true,"href":"https:\/\/proagrolab.com.ar\/en\/wp-json\/wp\/v2\/product_cat?post=12315"},{"taxonomy":"product_tag","embeddable":true,"href":"https:\/\/proagrolab.com.ar\/en\/wp-json\/wp\/v2\/product_tag?post=12315"}],"curies":[{"name":"wp","href":"https:\/\/api.w.org\/{rel}","templated":true}]}}