{"id":12312,"date":"2020-03-31T18:10:03","date_gmt":"2020-03-31T18:10:03","guid":{"rendered":"https:\/\/proagrolab.com.ar\/?post_type=product&#038;p=12312"},"modified":"2024-05-03T18:53:38","modified_gmt":"2024-05-03T18:53:38","slug":"irondel-plus","status":"publish","type":"product","link":"https:\/\/proagrolab.com.ar\/en\/producto\/irondel-plus\/","title":{"rendered":"Irondel Plus"},"content":{"rendered":"<p><\/p>\n<p><p><b>Composition<\/b><\/p>\n<p>Oxytetracycline hydrochloride &#8230;&#8230;&#8230;. 6.4%<\/p>\n<p>Lidocaine Hydrochloride &#8230;&#8230;&#8230;&#8230;&#8230;&#8230;..2%<\/p>\n<p>Benzydamine hydrochloride &#8230;&#8230;&#8230;&#8230;&#8230;..2%<\/p>\n<p><b>Description<\/b><\/p>\n<p>IRONDEL plus is an antibiotic\/anti-inflammatory injection, ready to use. <br \/>The association of a broad spectrum antibiotic and a synthetic anti-inflammatory drug with antipyretic and analgesic properties in the same medicine constitutes an efficient and updated therapy, effective in any process involving inflammation\/infection.<\/p>\n<p><b>How Supplied<\/b><\/p>\n<p>Vials containing 50 and 250 ml<\/p>\n<p><b>Target Species<\/b><\/p>\n<p>Bovine, equine, swine, ovine, cats, dogs, rabbits, poultry<\/p>\n<p><b>Indications<\/b><\/p>\n<p>Cattle (Bovine): Bacterial anthrax, calf symptomatic anthrax, hemorrhagic sepsis, shipping fever, pneumoenteritis, mastitis, acute sepsis, leptospirosis, anaplasmosis, actinomycosis, actinobacillosis, foot rot, bacillary haemoglobinuria, metritis, pneumonia, pleurisy, traumatic pericarditis, genitourinary infections and as pre- and post- surgical treatment.<\/p>\n<p>Ovine: Bacterial anthrax, symptomatic anthrax, infectious pneumonia, enterotoxaemia, etc.<\/p>\n<p>Equine: Bacterial anthrax, strangles, pneumonia, bronchitis, pleurisy, etc.<\/p>\n<p>Swine: Pneumonia, paratyphosis, metritis, complications of infectious dysentery, etc.<\/p>\n<p>Cats and dogs: Pneumonia, bronchitis, pleurisy, peritonitis, complications of distemper, etc.<\/p>\n<p>Rabbits: Coryza, pasteurellosis, mastitis, pneumonia.<\/p>\n<p>Poultry: Chronic respiratory disease, infectious coryza, cholera, typhus, spirochetosis, hexamitiasis, infectious sinusitis, pullorosis, chicken omphalitis.<\/p>\n<p><b>Dosage<\/b><\/p>\n<p>Bovine and equine: Every 50 kg: 2-4 ml<\/p>\n<p>Swine and ovine Every 10 kg: \u00bd-1 ml<\/p>\n<p>Dogs, cats, rabbits: Every 5 kg: \u00bd ml<\/p>\n<p>Poultry: Up to 4 weeks of age: \u00bc ml; 4 to 8 weeks of age: 1\/2 ml; over 8 weeks of age: 1 mL<\/p>\n<\/p>\n<p><\/p>","protected":false},"excerpt":{"rendered":"<p>Composition Oxytetracycline hydrochloride &#8230;&#8230;&#8230;. 6.4% Lidocaine Hydrochloride &#8230;&#8230;&#8230;&#8230;&#8230;&#8230;..2% Benzydamine hydrochloride &#8230;&#8230;&#8230;&#8230;&#8230;..2% Description IRONDEL plus is an antibiotic\/anti-inflammatory injection, ready to use. The association of a broad spectrum antibiotic and a synthetic anti-inflammatory drug with antipyretic and analgesic properties in the same medicine constitutes an efficient and updated therapy, effective in any process involving inflammation\/infection. How Supplied Vials containing 50 and 250 ml Target Species Bovine, equine, swine, ovine, cats, dogs, rabbits, poultry Indications Cattle (Bovine): Bacterial anthrax, calf symptomatic anthrax, hemorrhagic sepsis, shipping fever, pneumoenteritis, mastitis, acute sepsis, leptospirosis, anaplasmosis, actinomycosis, actinobacillosis, foot rot, bacillary haemoglobinuria, metritis, pneumonia, pleurisy, traumatic pericarditis, genitourinary infections and as pre- and post- surgical treatment. Ovine: Bacterial anthrax, symptomatic anthrax, infectious pneumonia, enterotoxaemia, etc. Equine: Bacterial anthrax, strangles, pneumonia, bronchitis, pleurisy, etc. Swine: Pneumonia, paratyphosis, metritis, complications of infectious dysentery, etc. Cats and dogs: Pneumonia, bronchitis, pleurisy, peritonitis, complications of distemper, etc. Rabbits: Coryza, pasteurellosis, mastitis, pneumonia. Poultry: Chronic respiratory disease, infectious coryza, cholera, typhus, spirochetosis, hexamitiasis, infectious sinusitis, pullorosis, chicken omphalitis. Dosage Bovine and equine: Every 50 kg: 2-4 ml Swine and ovine Every 10 kg: \u00bd-1 ml Dogs, cats, rabbits: Every 5 kg: \u00bd ml Poultry: Up to 4 weeks of age: \u00bc [&hellip;]<\/p>\n","protected":false},"featured_media":23684,"template":"","meta":{"_acf_changed":false},"product_brand":[],"product_cat":[443],"product_tag":[483,557,463,460,484],"class_list":{"0":"post-12312","1":"product","2":"type-product","3":"status-publish","4":"has-post-thumbnail","6":"product_cat-antibioticos","7":"product_tag-aves","8":"product_tag-bovinos","9":"product_tag-cria","10":"product_tag-equinos","11":"product_tag-porcinos","12":"pif-has-gallery","14":"first","15":"instock","16":"product-type-simple"},"acf":[],"yoast_head":"<!-- This site is optimized with the Yoast SEO plugin v27.4 - https:\/\/yoast.com\/product\/yoast-seo-wordpress\/ -->\n<title>Irondel Plus | Proagro<\/title>\n<meta name=\"description\" content=\"Antibi\u00f3tico inyectable de amplio espectro, r\u00e1pida acci\u00f3n y buena distribuci\u00f3n en el organismo.\" \/>\n<meta name=\"robots\" content=\"index, follow, max-snippet:-1, max-image-preview:large, max-video-preview:-1\" \/>\n<link rel=\"canonical\" href=\"https:\/\/proagrolab.com.ar\/en\/producto\/irondel-plus\/\" \/>\n<meta property=\"og:locale\" content=\"en_US\" \/>\n<meta property=\"og:type\" content=\"article\" \/>\n<meta property=\"og:title\" content=\"Irondel Plus | Proagro\" \/>\n<meta property=\"og:description\" content=\"Antibi\u00f3tico inyectable de amplio espectro, r\u00e1pida acci\u00f3n y buena distribuci\u00f3n en el organismo.\" \/>\n<meta property=\"og:url\" content=\"https:\/\/proagrolab.com.ar\/producto\/irondel-plus\/\" \/>\n<meta property=\"og:site_name\" content=\"Proagro\" \/>\n<meta property=\"article:publisher\" content=\"http:\/\/www.facebook.com\/proagrolab\" \/>\n<meta property=\"article:modified_time\" content=\"2024-05-03T18:53:38+00:00\" \/>\n<meta property=\"og:image\" content=\"https:\/\/proagrolab.com.ar\/wp-content\/uploads\/2020\/03\/IrondelPlus.png\" \/>\n\t<meta property=\"og:image:width\" content=\"500\" \/>\n\t<meta property=\"og:image:height\" content=\"500\" \/>\n\t<meta property=\"og:image:type\" content=\"image\/png\" \/>\n<meta name=\"twitter:card\" content=\"summary_large_image\" \/>\n<meta name=\"twitter:label1\" content=\"Est. reading time\" \/>\n\t<meta name=\"twitter:data1\" content=\"1 minute\" \/>\n<script type=\"application\/ld+json\" class=\"yoast-schema-graph\">{\"@context\":\"https:\\\/\\\/schema.org\",\"@graph\":[{\"@type\":\"WebPage\",\"@id\":\"https:\\\/\\\/proagrolab.com.ar\\\/producto\\\/irondel-plus\\\/\",\"url\":\"https:\\\/\\\/proagrolab.com.ar\\\/producto\\\/irondel-plus\\\/\",\"name\":\"Irondel Plus | Proagro\",\"isPartOf\":{\"@id\":\"https:\\\/\\\/proagrolab.com.ar\\\/#website\"},\"primaryImageOfPage\":{\"@id\":\"https:\\\/\\\/proagrolab.com.ar\\\/producto\\\/irondel-plus\\\/#primaryimage\"},\"image\":{\"@id\":\"https:\\\/\\\/proagrolab.com.ar\\\/producto\\\/irondel-plus\\\/#primaryimage\"},\"thumbnailUrl\":\"https:\\\/\\\/proagrolab.com.ar\\\/wp-content\\\/uploads\\\/2020\\\/03\\\/IrondelPlus.png\",\"datePublished\":\"2020-03-31T18:10:03+00:00\",\"dateModified\":\"2024-05-03T18:53:38+00:00\",\"description\":\"Antibi\u00f3tico inyectable de amplio espectro, r\u00e1pida acci\u00f3n y buena distribuci\u00f3n en el organismo.\",\"breadcrumb\":{\"@id\":\"https:\\\/\\\/proagrolab.com.ar\\\/producto\\\/irondel-plus\\\/#breadcrumb\"},\"inLanguage\":\"en-US\",\"potentialAction\":[{\"@type\":\"ReadAction\",\"target\":[\"https:\\\/\\\/proagrolab.com.ar\\\/producto\\\/irondel-plus\\\/\"]}]},{\"@type\":\"ImageObject\",\"inLanguage\":\"en-US\",\"@id\":\"https:\\\/\\\/proagrolab.com.ar\\\/producto\\\/irondel-plus\\\/#primaryimage\",\"url\":\"https:\\\/\\\/proagrolab.com.ar\\\/wp-content\\\/uploads\\\/2020\\\/03\\\/IrondelPlus.png\",\"contentUrl\":\"https:\\\/\\\/proagrolab.com.ar\\\/wp-content\\\/uploads\\\/2020\\\/03\\\/IrondelPlus.png\",\"width\":500,\"height\":500},{\"@type\":\"BreadcrumbList\",\"@id\":\"https:\\\/\\\/proagrolab.com.ar\\\/producto\\\/irondel-plus\\\/#breadcrumb\",\"itemListElement\":[{\"@type\":\"ListItem\",\"position\":1,\"name\":\"Portada\",\"item\":\"https:\\\/\\\/proagrolab.com.ar\\\/\"},{\"@type\":\"ListItem\",\"position\":2,\"name\":\"Productos\",\"item\":\"https:\\\/\\\/proagrolab.com.ar\\\/productos\\\/\"},{\"@type\":\"ListItem\",\"position\":3,\"name\":\"Irondel Plus\"}]},{\"@type\":\"WebSite\",\"@id\":\"https:\\\/\\\/proagrolab.com.ar\\\/#website\",\"url\":\"https:\\\/\\\/proagrolab.com.ar\\\/\",\"name\":\"Proagro Laboratorio Veterinario\",\"description\":\"Veterinary laboratory\",\"publisher\":{\"@id\":\"https:\\\/\\\/proagrolab.com.ar\\\/#organization\"},\"potentialAction\":[{\"@type\":\"SearchAction\",\"target\":{\"@type\":\"EntryPoint\",\"urlTemplate\":\"https:\\\/\\\/proagrolab.com.ar\\\/?s={search_term_string}\"},\"query-input\":{\"@type\":\"PropertyValueSpecification\",\"valueRequired\":true,\"valueName\":\"search_term_string\"}}],\"inLanguage\":\"en-US\"},{\"@type\":\"Organization\",\"@id\":\"https:\\\/\\\/proagrolab.com.ar\\\/#organization\",\"name\":\"Proagro\",\"url\":\"https:\\\/\\\/proagrolab.com.ar\\\/\",\"logo\":{\"@type\":\"ImageObject\",\"inLanguage\":\"en-US\",\"@id\":\"https:\\\/\\\/proagrolab.com.ar\\\/#\\\/schema\\\/logo\\\/image\\\/\",\"url\":\"https:\\\/\\\/proagrolab.com.ar\\\/wp-content\\\/uploads\\\/2020\\\/04\\\/logo-retina.png\",\"contentUrl\":\"https:\\\/\\\/proagrolab.com.ar\\\/wp-content\\\/uploads\\\/2020\\\/04\\\/logo-retina.png\",\"width\":478,\"height\":120,\"caption\":\"Proagro\"},\"image\":{\"@id\":\"https:\\\/\\\/proagrolab.com.ar\\\/#\\\/schema\\\/logo\\\/image\\\/\"},\"sameAs\":[\"http:\\\/\\\/www.facebook.com\\\/proagrolab\",\"https:\\\/\\\/www.instagram.com\\\/proagrolab\\\/\",\"https:\\\/\\\/www.linkedin.com\\\/company\\\/laboratorio-proagro-s-a\\\/\"]}]}<\/script>\n<!-- \/ Yoast SEO plugin. -->","yoast_head_json":{"title":"Irondel Plus | Proagro","description":"Antibi\u00f3tico inyectable de amplio espectro, r\u00e1pida acci\u00f3n y buena distribuci\u00f3n en el organismo.","robots":{"index":"index","follow":"follow","max-snippet":"max-snippet:-1","max-image-preview":"max-image-preview:large","max-video-preview":"max-video-preview:-1"},"canonical":"https:\/\/proagrolab.com.ar\/en\/producto\/irondel-plus\/","og_locale":"en_US","og_type":"article","og_title":"Irondel Plus | Proagro","og_description":"Antibi\u00f3tico inyectable de amplio espectro, r\u00e1pida acci\u00f3n y buena distribuci\u00f3n en el organismo.","og_url":"https:\/\/proagrolab.com.ar\/producto\/irondel-plus\/","og_site_name":"Proagro","article_publisher":"http:\/\/www.facebook.com\/proagrolab","article_modified_time":"2024-05-03T18:53:38+00:00","og_image":[{"width":500,"height":500,"url":"https:\/\/proagrolab.com.ar\/wp-content\/uploads\/2020\/03\/IrondelPlus.png","type":"image\/png"}],"twitter_card":"summary_large_image","twitter_misc":{"Est. reading time":"1 minute"},"schema":{"@context":"https:\/\/schema.org","@graph":[{"@type":"WebPage","@id":"https:\/\/proagrolab.com.ar\/producto\/irondel-plus\/","url":"https:\/\/proagrolab.com.ar\/producto\/irondel-plus\/","name":"Irondel Plus | Proagro","isPartOf":{"@id":"https:\/\/proagrolab.com.ar\/#website"},"primaryImageOfPage":{"@id":"https:\/\/proagrolab.com.ar\/producto\/irondel-plus\/#primaryimage"},"image":{"@id":"https:\/\/proagrolab.com.ar\/producto\/irondel-plus\/#primaryimage"},"thumbnailUrl":"https:\/\/proagrolab.com.ar\/wp-content\/uploads\/2020\/03\/IrondelPlus.png","datePublished":"2020-03-31T18:10:03+00:00","dateModified":"2024-05-03T18:53:38+00:00","description":"Antibi\u00f3tico inyectable de amplio espectro, r\u00e1pida acci\u00f3n y buena distribuci\u00f3n en el organismo.","breadcrumb":{"@id":"https:\/\/proagrolab.com.ar\/producto\/irondel-plus\/#breadcrumb"},"inLanguage":"en-US","potentialAction":[{"@type":"ReadAction","target":["https:\/\/proagrolab.com.ar\/producto\/irondel-plus\/"]}]},{"@type":"ImageObject","inLanguage":"en-US","@id":"https:\/\/proagrolab.com.ar\/producto\/irondel-plus\/#primaryimage","url":"https:\/\/proagrolab.com.ar\/wp-content\/uploads\/2020\/03\/IrondelPlus.png","contentUrl":"https:\/\/proagrolab.com.ar\/wp-content\/uploads\/2020\/03\/IrondelPlus.png","width":500,"height":500},{"@type":"BreadcrumbList","@id":"https:\/\/proagrolab.com.ar\/producto\/irondel-plus\/#breadcrumb","itemListElement":[{"@type":"ListItem","position":1,"name":"Portada","item":"https:\/\/proagrolab.com.ar\/"},{"@type":"ListItem","position":2,"name":"Productos","item":"https:\/\/proagrolab.com.ar\/productos\/"},{"@type":"ListItem","position":3,"name":"Irondel Plus"}]},{"@type":"WebSite","@id":"https:\/\/proagrolab.com.ar\/#website","url":"https:\/\/proagrolab.com.ar\/","name":"Proagro Laboratorio Veterinario","description":"Veterinary laboratory","publisher":{"@id":"https:\/\/proagrolab.com.ar\/#organization"},"potentialAction":[{"@type":"SearchAction","target":{"@type":"EntryPoint","urlTemplate":"https:\/\/proagrolab.com.ar\/?s={search_term_string}"},"query-input":{"@type":"PropertyValueSpecification","valueRequired":true,"valueName":"search_term_string"}}],"inLanguage":"en-US"},{"@type":"Organization","@id":"https:\/\/proagrolab.com.ar\/#organization","name":"Proagro","url":"https:\/\/proagrolab.com.ar\/","logo":{"@type":"ImageObject","inLanguage":"en-US","@id":"https:\/\/proagrolab.com.ar\/#\/schema\/logo\/image\/","url":"https:\/\/proagrolab.com.ar\/wp-content\/uploads\/2020\/04\/logo-retina.png","contentUrl":"https:\/\/proagrolab.com.ar\/wp-content\/uploads\/2020\/04\/logo-retina.png","width":478,"height":120,"caption":"Proagro"},"image":{"@id":"https:\/\/proagrolab.com.ar\/#\/schema\/logo\/image\/"},"sameAs":["http:\/\/www.facebook.com\/proagrolab","https:\/\/www.instagram.com\/proagrolab\/","https:\/\/www.linkedin.com\/company\/laboratorio-proagro-s-a\/"]}]}},"_links":{"self":[{"href":"https:\/\/proagrolab.com.ar\/en\/wp-json\/wp\/v2\/product\/12312","targetHints":{"allow":["GET"]}}],"collection":[{"href":"https:\/\/proagrolab.com.ar\/en\/wp-json\/wp\/v2\/product"}],"about":[{"href":"https:\/\/proagrolab.com.ar\/en\/wp-json\/wp\/v2\/types\/product"}],"wp:featuredmedia":[{"embeddable":true,"href":"https:\/\/proagrolab.com.ar\/en\/wp-json\/wp\/v2\/media\/23684"}],"wp:attachment":[{"href":"https:\/\/proagrolab.com.ar\/en\/wp-json\/wp\/v2\/media?parent=12312"}],"wp:term":[{"taxonomy":"product_brand","embeddable":true,"href":"https:\/\/proagrolab.com.ar\/en\/wp-json\/wp\/v2\/product_brand?post=12312"},{"taxonomy":"product_cat","embeddable":true,"href":"https:\/\/proagrolab.com.ar\/en\/wp-json\/wp\/v2\/product_cat?post=12312"},{"taxonomy":"product_tag","embeddable":true,"href":"https:\/\/proagrolab.com.ar\/en\/wp-json\/wp\/v2\/product_tag?post=12312"}],"curies":[{"name":"wp","href":"https:\/\/api.w.org\/{rel}","templated":true}]}}