{"id":12311,"date":"2020-03-31T18:10:03","date_gmt":"2020-03-31T18:10:03","guid":{"rendered":"https:\/\/proagrolab.com.ar\/?post_type=product&#038;p=12311"},"modified":"2024-05-03T19:58:45","modified_gmt":"2024-05-03T19:58:45","slug":"irondel-la","status":"publish","type":"product","link":"https:\/\/proagrolab.com.ar\/en\/producto\/irondel-la\/","title":{"rendered":"Irondel LA"},"content":{"rendered":"<p><\/p>\n<p><p><b>Composition<\/b><\/p>\n<p>Oxytetracycline &#8230;&#8230;&#8230;&#8230;&#8230;&#8230;&#8230;.. 20%<\/p>\n<p><b>Description<\/b><\/p>\n<p>IRONDEL LA is a broad-spectrum antibiotic for the treatment of infections caused by microorganisms susceptible to Oxytetracycline in BOVINE CATTLE, OVINE, SWINE, RABBITS and POULTRY.<\/p>\n<p><b>How Supplied<\/b><\/p>\n<p>Vials containing 50 and 250 ml<\/p>\n<p><b>Target Species<\/b><\/p>\n<p>Bovine cattle, ovine, swine, goats, rabbits, poultry<\/p>\n<p><b>Indications<\/b><\/p>\n<p>Cattle (bovine): Pneumonia, anaplasmosis, infected injuries, leptospirosis, stable foot, septic mastitis, bacterial enteritis, symptomatic anthrax, actinobacillosis, omphalitis, joint infections.<\/p>\n<p>Ovine: Pneumonia, stable foot, symptomatic anthrax, Chlamydia infections, post-partum infection prevention, mastitis, sepsis and other infections caused by microorganisms susceptible to oxytetracycline.<\/p>\n<p>Swine: Pneumonia and other respiratory conditions, leptospirosis, erysipelas, bacterial enteritis, mastitis, suckling pig diarrhea, post-partum and post-surgical infections.<\/p>\n<p>Poultry: Control and treatment of infections caused by microorganisms susceptible to oxytetracycline, including complicated chronic respiratory disease (CCRD) and infectious Coryza.<\/p>\n<p>Rabbits: Control and treatment of infections caused by microorganisms susceptible to oxytetracycline, including Pasteurella multocida, Bordetella bronchiseptica, Escherichia coli, Salmonella spp.<\/p>\n<p><b>Dosage<\/b><\/p>\n<p>Bovine, ovine, swine: 1 ml\/10 kg bw (equivalent to 20 mg of Irondel LA\/kg bw)<\/p>\n<p>Poultry and rabbits: 0.25 ml\/kg bw (equivalent to 50 mg of Irondel LA\/kg bw)<\/p>\n<\/p>\n<p><\/p>","protected":false},"excerpt":{"rendered":"<p>Composition Oxytetracycline &#8230;&#8230;&#8230;&#8230;&#8230;&#8230;&#8230;.. 20% Description IRONDEL LA is a broad-spectrum antibiotic for the treatment of infections caused by microorganisms susceptible to Oxytetracycline in BOVINE CATTLE, OVINE, SWINE, RABBITS and POULTRY. How Supplied Vials containing 50 and 250 ml Target Species Bovine cattle, ovine, swine, goats, rabbits, poultry Indications Cattle (bovine): Pneumonia, anaplasmosis, infected injuries, leptospirosis, stable foot, septic mastitis, bacterial enteritis, symptomatic anthrax, actinobacillosis, omphalitis, joint infections. Ovine: Pneumonia, stable foot, symptomatic anthrax, Chlamydia infections, post-partum infection prevention, mastitis, sepsis and other infections caused by microorganisms susceptible to oxytetracycline. Swine: Pneumonia and other respiratory conditions, leptospirosis, erysipelas, bacterial enteritis, mastitis, suckling pig diarrhea, post-partum and post-surgical infections. Poultry: Control and treatment of infections caused by microorganisms susceptible to oxytetracycline, including complicated chronic respiratory disease (CCRD) and infectious Coryza. Rabbits: Control and treatment of infections caused by microorganisms susceptible to oxytetracycline, including Pasteurella multocida, Bordetella bronchiseptica, Escherichia coli, Salmonella spp. Dosage Bovine, ovine, swine: 1 ml\/10 kg bw (equivalent to 20 mg of Irondel LA\/kg bw) Poultry and rabbits: 0.25 ml\/kg bw (equivalent to 50 mg of Irondel LA\/kg bw)<\/p>\n","protected":false},"featured_media":23681,"template":"","meta":{"_acf_changed":false},"product_brand":[],"product_cat":[443],"product_tag":[483,557,568,461,567,484,462],"class_list":{"0":"post-12311","1":"product","2":"type-product","3":"status-publish","4":"has-post-thumbnail","6":"product_cat-antibioticos","7":"product_tag-aves","8":"product_tag-bovinos","9":"product_tag-conejos","10":"product_tag-feedlot","11":"product_tag-ovinos","12":"product_tag-porcinos","13":"product_tag-tambo","14":"pif-has-gallery","16":"first","17":"instock","18":"product-type-simple"},"acf":[],"yoast_head":"<!-- This site is optimized with the Yoast SEO plugin v27.4 - https:\/\/yoast.com\/product\/yoast-seo-wordpress\/ -->\n<title>Irondel LA | Proagro<\/title>\n<meta name=\"description\" content=\"Antibi\u00f3tico inyectable de amplio espectro listo para usar. F\u00e1cil empleo y acci\u00f3n prolongada. Liberaci\u00f3n lenta y r\u00e1pida acci\u00f3n.\" \/>\n<meta name=\"robots\" content=\"index, follow, max-snippet:-1, max-image-preview:large, max-video-preview:-1\" \/>\n<link rel=\"canonical\" href=\"https:\/\/proagrolab.com.ar\/en\/producto\/irondel-la\/\" \/>\n<meta property=\"og:locale\" content=\"en_US\" \/>\n<meta property=\"og:type\" content=\"article\" \/>\n<meta property=\"og:title\" content=\"Irondel LA | Proagro\" \/>\n<meta property=\"og:description\" content=\"Antibi\u00f3tico inyectable de amplio espectro listo para usar. F\u00e1cil empleo y acci\u00f3n prolongada. Liberaci\u00f3n lenta y r\u00e1pida acci\u00f3n.\" \/>\n<meta property=\"og:url\" content=\"https:\/\/proagrolab.com.ar\/producto\/irondel-la\/\" \/>\n<meta property=\"og:site_name\" content=\"Proagro\" \/>\n<meta property=\"article:publisher\" content=\"http:\/\/www.facebook.com\/proagrolab\" \/>\n<meta property=\"article:modified_time\" content=\"2024-05-03T19:58:45+00:00\" \/>\n<meta property=\"og:image\" content=\"https:\/\/proagrolab.com.ar\/wp-content\/uploads\/2020\/03\/IrondelLA.png\" \/>\n\t<meta property=\"og:image:width\" content=\"500\" \/>\n\t<meta property=\"og:image:height\" content=\"500\" \/>\n\t<meta property=\"og:image:type\" content=\"image\/png\" \/>\n<meta name=\"twitter:card\" content=\"summary_large_image\" \/>\n<meta name=\"twitter:label1\" content=\"Est. reading time\" \/>\n\t<meta name=\"twitter:data1\" content=\"1 minute\" \/>\n<script type=\"application\/ld+json\" class=\"yoast-schema-graph\">{\"@context\":\"https:\\\/\\\/schema.org\",\"@graph\":[{\"@type\":\"WebPage\",\"@id\":\"https:\\\/\\\/proagrolab.com.ar\\\/producto\\\/irondel-la\\\/\",\"url\":\"https:\\\/\\\/proagrolab.com.ar\\\/producto\\\/irondel-la\\\/\",\"name\":\"Irondel LA | Proagro\",\"isPartOf\":{\"@id\":\"https:\\\/\\\/proagrolab.com.ar\\\/#website\"},\"primaryImageOfPage\":{\"@id\":\"https:\\\/\\\/proagrolab.com.ar\\\/producto\\\/irondel-la\\\/#primaryimage\"},\"image\":{\"@id\":\"https:\\\/\\\/proagrolab.com.ar\\\/producto\\\/irondel-la\\\/#primaryimage\"},\"thumbnailUrl\":\"https:\\\/\\\/proagrolab.com.ar\\\/wp-content\\\/uploads\\\/2020\\\/03\\\/IrondelLA.png\",\"datePublished\":\"2020-03-31T18:10:03+00:00\",\"dateModified\":\"2024-05-03T19:58:45+00:00\",\"description\":\"Antibi\u00f3tico inyectable de amplio espectro listo para usar. F\u00e1cil empleo y acci\u00f3n prolongada. Liberaci\u00f3n lenta y r\u00e1pida acci\u00f3n.\",\"breadcrumb\":{\"@id\":\"https:\\\/\\\/proagrolab.com.ar\\\/producto\\\/irondel-la\\\/#breadcrumb\"},\"inLanguage\":\"en-US\",\"potentialAction\":[{\"@type\":\"ReadAction\",\"target\":[\"https:\\\/\\\/proagrolab.com.ar\\\/producto\\\/irondel-la\\\/\"]}]},{\"@type\":\"ImageObject\",\"inLanguage\":\"en-US\",\"@id\":\"https:\\\/\\\/proagrolab.com.ar\\\/producto\\\/irondel-la\\\/#primaryimage\",\"url\":\"https:\\\/\\\/proagrolab.com.ar\\\/wp-content\\\/uploads\\\/2020\\\/03\\\/IrondelLA.png\",\"contentUrl\":\"https:\\\/\\\/proagrolab.com.ar\\\/wp-content\\\/uploads\\\/2020\\\/03\\\/IrondelLA.png\",\"width\":500,\"height\":500},{\"@type\":\"BreadcrumbList\",\"@id\":\"https:\\\/\\\/proagrolab.com.ar\\\/producto\\\/irondel-la\\\/#breadcrumb\",\"itemListElement\":[{\"@type\":\"ListItem\",\"position\":1,\"name\":\"Portada\",\"item\":\"https:\\\/\\\/proagrolab.com.ar\\\/\"},{\"@type\":\"ListItem\",\"position\":2,\"name\":\"Productos\",\"item\":\"https:\\\/\\\/proagrolab.com.ar\\\/productos\\\/\"},{\"@type\":\"ListItem\",\"position\":3,\"name\":\"Irondel LA\"}]},{\"@type\":\"WebSite\",\"@id\":\"https:\\\/\\\/proagrolab.com.ar\\\/#website\",\"url\":\"https:\\\/\\\/proagrolab.com.ar\\\/\",\"name\":\"Proagro Laboratorio Veterinario\",\"description\":\"Veterinary laboratory\",\"publisher\":{\"@id\":\"https:\\\/\\\/proagrolab.com.ar\\\/#organization\"},\"potentialAction\":[{\"@type\":\"SearchAction\",\"target\":{\"@type\":\"EntryPoint\",\"urlTemplate\":\"https:\\\/\\\/proagrolab.com.ar\\\/?s={search_term_string}\"},\"query-input\":{\"@type\":\"PropertyValueSpecification\",\"valueRequired\":true,\"valueName\":\"search_term_string\"}}],\"inLanguage\":\"en-US\"},{\"@type\":\"Organization\",\"@id\":\"https:\\\/\\\/proagrolab.com.ar\\\/#organization\",\"name\":\"Proagro\",\"url\":\"https:\\\/\\\/proagrolab.com.ar\\\/\",\"logo\":{\"@type\":\"ImageObject\",\"inLanguage\":\"en-US\",\"@id\":\"https:\\\/\\\/proagrolab.com.ar\\\/#\\\/schema\\\/logo\\\/image\\\/\",\"url\":\"https:\\\/\\\/proagrolab.com.ar\\\/wp-content\\\/uploads\\\/2020\\\/04\\\/logo-retina.png\",\"contentUrl\":\"https:\\\/\\\/proagrolab.com.ar\\\/wp-content\\\/uploads\\\/2020\\\/04\\\/logo-retina.png\",\"width\":478,\"height\":120,\"caption\":\"Proagro\"},\"image\":{\"@id\":\"https:\\\/\\\/proagrolab.com.ar\\\/#\\\/schema\\\/logo\\\/image\\\/\"},\"sameAs\":[\"http:\\\/\\\/www.facebook.com\\\/proagrolab\",\"https:\\\/\\\/www.instagram.com\\\/proagrolab\\\/\",\"https:\\\/\\\/www.linkedin.com\\\/company\\\/laboratorio-proagro-s-a\\\/\"]}]}<\/script>\n<!-- \/ Yoast SEO plugin. -->","yoast_head_json":{"title":"Irondel LA | Proagro","description":"Antibi\u00f3tico inyectable de amplio espectro listo para usar. F\u00e1cil empleo y acci\u00f3n prolongada. Liberaci\u00f3n lenta y r\u00e1pida acci\u00f3n.","robots":{"index":"index","follow":"follow","max-snippet":"max-snippet:-1","max-image-preview":"max-image-preview:large","max-video-preview":"max-video-preview:-1"},"canonical":"https:\/\/proagrolab.com.ar\/en\/producto\/irondel-la\/","og_locale":"en_US","og_type":"article","og_title":"Irondel LA | Proagro","og_description":"Antibi\u00f3tico inyectable de amplio espectro listo para usar. F\u00e1cil empleo y acci\u00f3n prolongada. Liberaci\u00f3n lenta y r\u00e1pida acci\u00f3n.","og_url":"https:\/\/proagrolab.com.ar\/producto\/irondel-la\/","og_site_name":"Proagro","article_publisher":"http:\/\/www.facebook.com\/proagrolab","article_modified_time":"2024-05-03T19:58:45+00:00","og_image":[{"width":500,"height":500,"url":"https:\/\/proagrolab.com.ar\/wp-content\/uploads\/2020\/03\/IrondelLA.png","type":"image\/png"}],"twitter_card":"summary_large_image","twitter_misc":{"Est. reading time":"1 minute"},"schema":{"@context":"https:\/\/schema.org","@graph":[{"@type":"WebPage","@id":"https:\/\/proagrolab.com.ar\/producto\/irondel-la\/","url":"https:\/\/proagrolab.com.ar\/producto\/irondel-la\/","name":"Irondel LA | Proagro","isPartOf":{"@id":"https:\/\/proagrolab.com.ar\/#website"},"primaryImageOfPage":{"@id":"https:\/\/proagrolab.com.ar\/producto\/irondel-la\/#primaryimage"},"image":{"@id":"https:\/\/proagrolab.com.ar\/producto\/irondel-la\/#primaryimage"},"thumbnailUrl":"https:\/\/proagrolab.com.ar\/wp-content\/uploads\/2020\/03\/IrondelLA.png","datePublished":"2020-03-31T18:10:03+00:00","dateModified":"2024-05-03T19:58:45+00:00","description":"Antibi\u00f3tico inyectable de amplio espectro listo para usar. F\u00e1cil empleo y acci\u00f3n prolongada. Liberaci\u00f3n lenta y r\u00e1pida acci\u00f3n.","breadcrumb":{"@id":"https:\/\/proagrolab.com.ar\/producto\/irondel-la\/#breadcrumb"},"inLanguage":"en-US","potentialAction":[{"@type":"ReadAction","target":["https:\/\/proagrolab.com.ar\/producto\/irondel-la\/"]}]},{"@type":"ImageObject","inLanguage":"en-US","@id":"https:\/\/proagrolab.com.ar\/producto\/irondel-la\/#primaryimage","url":"https:\/\/proagrolab.com.ar\/wp-content\/uploads\/2020\/03\/IrondelLA.png","contentUrl":"https:\/\/proagrolab.com.ar\/wp-content\/uploads\/2020\/03\/IrondelLA.png","width":500,"height":500},{"@type":"BreadcrumbList","@id":"https:\/\/proagrolab.com.ar\/producto\/irondel-la\/#breadcrumb","itemListElement":[{"@type":"ListItem","position":1,"name":"Portada","item":"https:\/\/proagrolab.com.ar\/"},{"@type":"ListItem","position":2,"name":"Productos","item":"https:\/\/proagrolab.com.ar\/productos\/"},{"@type":"ListItem","position":3,"name":"Irondel LA"}]},{"@type":"WebSite","@id":"https:\/\/proagrolab.com.ar\/#website","url":"https:\/\/proagrolab.com.ar\/","name":"Proagro Laboratorio Veterinario","description":"Veterinary laboratory","publisher":{"@id":"https:\/\/proagrolab.com.ar\/#organization"},"potentialAction":[{"@type":"SearchAction","target":{"@type":"EntryPoint","urlTemplate":"https:\/\/proagrolab.com.ar\/?s={search_term_string}"},"query-input":{"@type":"PropertyValueSpecification","valueRequired":true,"valueName":"search_term_string"}}],"inLanguage":"en-US"},{"@type":"Organization","@id":"https:\/\/proagrolab.com.ar\/#organization","name":"Proagro","url":"https:\/\/proagrolab.com.ar\/","logo":{"@type":"ImageObject","inLanguage":"en-US","@id":"https:\/\/proagrolab.com.ar\/#\/schema\/logo\/image\/","url":"https:\/\/proagrolab.com.ar\/wp-content\/uploads\/2020\/04\/logo-retina.png","contentUrl":"https:\/\/proagrolab.com.ar\/wp-content\/uploads\/2020\/04\/logo-retina.png","width":478,"height":120,"caption":"Proagro"},"image":{"@id":"https:\/\/proagrolab.com.ar\/#\/schema\/logo\/image\/"},"sameAs":["http:\/\/www.facebook.com\/proagrolab","https:\/\/www.instagram.com\/proagrolab\/","https:\/\/www.linkedin.com\/company\/laboratorio-proagro-s-a\/"]}]}},"_links":{"self":[{"href":"https:\/\/proagrolab.com.ar\/en\/wp-json\/wp\/v2\/product\/12311","targetHints":{"allow":["GET"]}}],"collection":[{"href":"https:\/\/proagrolab.com.ar\/en\/wp-json\/wp\/v2\/product"}],"about":[{"href":"https:\/\/proagrolab.com.ar\/en\/wp-json\/wp\/v2\/types\/product"}],"wp:featuredmedia":[{"embeddable":true,"href":"https:\/\/proagrolab.com.ar\/en\/wp-json\/wp\/v2\/media\/23681"}],"wp:attachment":[{"href":"https:\/\/proagrolab.com.ar\/en\/wp-json\/wp\/v2\/media?parent=12311"}],"wp:term":[{"taxonomy":"product_brand","embeddable":true,"href":"https:\/\/proagrolab.com.ar\/en\/wp-json\/wp\/v2\/product_brand?post=12311"},{"taxonomy":"product_cat","embeddable":true,"href":"https:\/\/proagrolab.com.ar\/en\/wp-json\/wp\/v2\/product_cat?post=12311"},{"taxonomy":"product_tag","embeddable":true,"href":"https:\/\/proagrolab.com.ar\/en\/wp-json\/wp\/v2\/product_tag?post=12311"}],"curies":[{"name":"wp","href":"https:\/\/api.w.org\/{rel}","templated":true}]}}