{"id":12307,"date":"2020-03-31T18:10:03","date_gmt":"2020-03-31T18:10:03","guid":{"rendered":"https:\/\/proagrolab.com.ar\/producto\/cefalexin-plus-205\/"},"modified":"2024-05-09T19:45:50","modified_gmt":"2024-05-09T19:45:50","slug":"cefalexin-plus-205","status":"publish","type":"product","link":"https:\/\/proagrolab.com.ar\/en\/producto\/cefalexin-plus-205\/","title":{"rendered":"Cefalexin Plus 205"},"content":{"rendered":"<p><\/p>\n<p>\n<p><b>Composition<\/b><\/p>\n<p>Cefalexin &#8230;&#8230;&#8230;&#8230;&#8230;&#8230;&#8230;&#8230;.. 18%<\/p>\n<p><b>Description<\/b><\/p>\n<p>Cefalexin injection. Broad-spectrum antibiotic.<\/p>\n<p><b>How Supplied<\/b><\/p>\n<p>Vials containing 100 and 250 ml<\/p>\n<p><b>Target Species<\/b><\/p>\n<p>Cattle, cats, and dogs.<\/p>\n<p><b>Indications<\/b><\/p>\n<p>For the treatment of respiratory infections, urinary infections, skin and soft tissue infections, bone and articulation disorders caused by bacteria susceptible to Cefalexin.<\/p>\n<p><b>Dosage<\/b><\/p>\n<p>Cattle (bovine): 7 mg\/kg bw<\/p>\n<p>Cats and dogs: 10 mg\/kg bw<\/p>\n<\/p>\n<p><\/p>","protected":false},"excerpt":{"rendered":"<p>Composition Cefalexin &#8230;&#8230;&#8230;&#8230;&#8230;&#8230;&#8230;&#8230;.. 18% Description Cefalexin injection. Broad-spectrum antibiotic. How Supplied Vials containing 100 and 250 ml Target Species Cattle, cats, and dogs. Indications For the treatment of respiratory infections, urinary infections, skin and soft tissue infections, bone and articulation disorders caused by bacteria susceptible to Cefalexin. Dosage Cattle (bovine): 7 mg\/kg bw Cats and dogs: 10 mg\/kg bw<\/p>\n","protected":false},"featured_media":23701,"template":"","meta":{"_acf_changed":false},"product_brand":[],"product_cat":[443],"product_tag":[557,556,569,462],"class_list":{"0":"post-12307","1":"product","2":"type-product","3":"status-publish","4":"has-post-thumbnail","6":"product_cat-antibioticos","7":"product_tag-bovinos","8":"product_tag-caninos","9":"product_tag-felinos","10":"product_tag-tambo","11":"pif-has-gallery","13":"first","14":"instock","15":"product-type-simple"},"acf":[],"yoast_head":"<!-- This site is optimized with the Yoast SEO plugin v27.4 - https:\/\/yoast.com\/product\/yoast-seo-wordpress\/ -->\n<title>Cefalexin Plus 205 | Proagro<\/title>\n<meta name=\"description\" content=\"Antibi\u00f3tico inyectable de amplio espectro, bactericida. R\u00e1pida absorci\u00f3n y distribuci\u00f3n.\" \/>\n<meta name=\"robots\" content=\"index, follow, max-snippet:-1, max-image-preview:large, max-video-preview:-1\" \/>\n<link rel=\"canonical\" href=\"https:\/\/proagrolab.com.ar\/en\/producto\/cefalexin-plus-205\/\" \/>\n<meta property=\"og:locale\" content=\"en_US\" \/>\n<meta property=\"og:type\" content=\"article\" \/>\n<meta property=\"og:title\" content=\"Cefalexin Plus 205 | Proagro\" \/>\n<meta property=\"og:description\" content=\"Antibi\u00f3tico inyectable de amplio espectro, bactericida. R\u00e1pida absorci\u00f3n y distribuci\u00f3n.\" \/>\n<meta property=\"og:url\" content=\"https:\/\/proagrolab.com.ar\/producto\/cefalexin-plus-205\/\" \/>\n<meta property=\"og:site_name\" content=\"Proagro\" \/>\n<meta property=\"article:publisher\" content=\"http:\/\/www.facebook.com\/proagrolab\" \/>\n<meta property=\"article:modified_time\" content=\"2024-05-09T19:45:50+00:00\" \/>\n<meta property=\"og:image\" content=\"https:\/\/proagrolab.com.ar\/wp-content\/uploads\/2020\/03\/Cefalexin-Plus-205.png\" \/>\n\t<meta property=\"og:image:width\" content=\"500\" \/>\n\t<meta property=\"og:image:height\" content=\"500\" \/>\n\t<meta property=\"og:image:type\" content=\"image\/png\" \/>\n<meta name=\"twitter:card\" content=\"summary_large_image\" \/>\n<meta name=\"twitter:label1\" content=\"Est. reading time\" \/>\n\t<meta name=\"twitter:data1\" content=\"1 minute\" \/>\n<script type=\"application\/ld+json\" class=\"yoast-schema-graph\">{\"@context\":\"https:\\\/\\\/schema.org\",\"@graph\":[{\"@type\":\"WebPage\",\"@id\":\"https:\\\/\\\/proagrolab.com.ar\\\/producto\\\/cefalexin-plus-205\\\/\",\"url\":\"https:\\\/\\\/proagrolab.com.ar\\\/producto\\\/cefalexin-plus-205\\\/\",\"name\":\"Cefalexin Plus 205 | Proagro\",\"isPartOf\":{\"@id\":\"https:\\\/\\\/proagrolab.com.ar\\\/#website\"},\"primaryImageOfPage\":{\"@id\":\"https:\\\/\\\/proagrolab.com.ar\\\/producto\\\/cefalexin-plus-205\\\/#primaryimage\"},\"image\":{\"@id\":\"https:\\\/\\\/proagrolab.com.ar\\\/producto\\\/cefalexin-plus-205\\\/#primaryimage\"},\"thumbnailUrl\":\"https:\\\/\\\/proagrolab.com.ar\\\/wp-content\\\/uploads\\\/2020\\\/03\\\/Cefalexin-Plus-205.png\",\"datePublished\":\"2020-03-31T18:10:03+00:00\",\"dateModified\":\"2024-05-09T19:45:50+00:00\",\"description\":\"Antibi\u00f3tico inyectable de amplio espectro, bactericida. R\u00e1pida absorci\u00f3n y distribuci\u00f3n.\",\"breadcrumb\":{\"@id\":\"https:\\\/\\\/proagrolab.com.ar\\\/producto\\\/cefalexin-plus-205\\\/#breadcrumb\"},\"inLanguage\":\"en-US\",\"potentialAction\":[{\"@type\":\"ReadAction\",\"target\":[\"https:\\\/\\\/proagrolab.com.ar\\\/producto\\\/cefalexin-plus-205\\\/\"]}]},{\"@type\":\"ImageObject\",\"inLanguage\":\"en-US\",\"@id\":\"https:\\\/\\\/proagrolab.com.ar\\\/producto\\\/cefalexin-plus-205\\\/#primaryimage\",\"url\":\"https:\\\/\\\/proagrolab.com.ar\\\/wp-content\\\/uploads\\\/2020\\\/03\\\/Cefalexin-Plus-205.png\",\"contentUrl\":\"https:\\\/\\\/proagrolab.com.ar\\\/wp-content\\\/uploads\\\/2020\\\/03\\\/Cefalexin-Plus-205.png\",\"width\":500,\"height\":500},{\"@type\":\"BreadcrumbList\",\"@id\":\"https:\\\/\\\/proagrolab.com.ar\\\/producto\\\/cefalexin-plus-205\\\/#breadcrumb\",\"itemListElement\":[{\"@type\":\"ListItem\",\"position\":1,\"name\":\"Portada\",\"item\":\"https:\\\/\\\/proagrolab.com.ar\\\/\"},{\"@type\":\"ListItem\",\"position\":2,\"name\":\"Productos\",\"item\":\"https:\\\/\\\/proagrolab.com.ar\\\/productos\\\/\"},{\"@type\":\"ListItem\",\"position\":3,\"name\":\"Cefalexin Plus 205\"}]},{\"@type\":\"WebSite\",\"@id\":\"https:\\\/\\\/proagrolab.com.ar\\\/#website\",\"url\":\"https:\\\/\\\/proagrolab.com.ar\\\/\",\"name\":\"Proagro Laboratorio Veterinario\",\"description\":\"Veterinary laboratory\",\"publisher\":{\"@id\":\"https:\\\/\\\/proagrolab.com.ar\\\/#organization\"},\"potentialAction\":[{\"@type\":\"SearchAction\",\"target\":{\"@type\":\"EntryPoint\",\"urlTemplate\":\"https:\\\/\\\/proagrolab.com.ar\\\/?s={search_term_string}\"},\"query-input\":{\"@type\":\"PropertyValueSpecification\",\"valueRequired\":true,\"valueName\":\"search_term_string\"}}],\"inLanguage\":\"en-US\"},{\"@type\":\"Organization\",\"@id\":\"https:\\\/\\\/proagrolab.com.ar\\\/#organization\",\"name\":\"Proagro\",\"url\":\"https:\\\/\\\/proagrolab.com.ar\\\/\",\"logo\":{\"@type\":\"ImageObject\",\"inLanguage\":\"en-US\",\"@id\":\"https:\\\/\\\/proagrolab.com.ar\\\/#\\\/schema\\\/logo\\\/image\\\/\",\"url\":\"https:\\\/\\\/proagrolab.com.ar\\\/wp-content\\\/uploads\\\/2020\\\/04\\\/logo-retina.png\",\"contentUrl\":\"https:\\\/\\\/proagrolab.com.ar\\\/wp-content\\\/uploads\\\/2020\\\/04\\\/logo-retina.png\",\"width\":478,\"height\":120,\"caption\":\"Proagro\"},\"image\":{\"@id\":\"https:\\\/\\\/proagrolab.com.ar\\\/#\\\/schema\\\/logo\\\/image\\\/\"},\"sameAs\":[\"http:\\\/\\\/www.facebook.com\\\/proagrolab\",\"https:\\\/\\\/www.instagram.com\\\/proagrolab\\\/\",\"https:\\\/\\\/www.linkedin.com\\\/company\\\/laboratorio-proagro-s-a\\\/\"]}]}<\/script>\n<!-- \/ Yoast SEO plugin. -->","yoast_head_json":{"title":"Cefalexin Plus 205 | Proagro","description":"Antibi\u00f3tico inyectable de amplio espectro, bactericida. R\u00e1pida absorci\u00f3n y distribuci\u00f3n.","robots":{"index":"index","follow":"follow","max-snippet":"max-snippet:-1","max-image-preview":"max-image-preview:large","max-video-preview":"max-video-preview:-1"},"canonical":"https:\/\/proagrolab.com.ar\/en\/producto\/cefalexin-plus-205\/","og_locale":"en_US","og_type":"article","og_title":"Cefalexin Plus 205 | Proagro","og_description":"Antibi\u00f3tico inyectable de amplio espectro, bactericida. R\u00e1pida absorci\u00f3n y distribuci\u00f3n.","og_url":"https:\/\/proagrolab.com.ar\/producto\/cefalexin-plus-205\/","og_site_name":"Proagro","article_publisher":"http:\/\/www.facebook.com\/proagrolab","article_modified_time":"2024-05-09T19:45:50+00:00","og_image":[{"width":500,"height":500,"url":"https:\/\/proagrolab.com.ar\/wp-content\/uploads\/2020\/03\/Cefalexin-Plus-205.png","type":"image\/png"}],"twitter_card":"summary_large_image","twitter_misc":{"Est. reading time":"1 minute"},"schema":{"@context":"https:\/\/schema.org","@graph":[{"@type":"WebPage","@id":"https:\/\/proagrolab.com.ar\/producto\/cefalexin-plus-205\/","url":"https:\/\/proagrolab.com.ar\/producto\/cefalexin-plus-205\/","name":"Cefalexin Plus 205 | Proagro","isPartOf":{"@id":"https:\/\/proagrolab.com.ar\/#website"},"primaryImageOfPage":{"@id":"https:\/\/proagrolab.com.ar\/producto\/cefalexin-plus-205\/#primaryimage"},"image":{"@id":"https:\/\/proagrolab.com.ar\/producto\/cefalexin-plus-205\/#primaryimage"},"thumbnailUrl":"https:\/\/proagrolab.com.ar\/wp-content\/uploads\/2020\/03\/Cefalexin-Plus-205.png","datePublished":"2020-03-31T18:10:03+00:00","dateModified":"2024-05-09T19:45:50+00:00","description":"Antibi\u00f3tico inyectable de amplio espectro, bactericida. R\u00e1pida absorci\u00f3n y distribuci\u00f3n.","breadcrumb":{"@id":"https:\/\/proagrolab.com.ar\/producto\/cefalexin-plus-205\/#breadcrumb"},"inLanguage":"en-US","potentialAction":[{"@type":"ReadAction","target":["https:\/\/proagrolab.com.ar\/producto\/cefalexin-plus-205\/"]}]},{"@type":"ImageObject","inLanguage":"en-US","@id":"https:\/\/proagrolab.com.ar\/producto\/cefalexin-plus-205\/#primaryimage","url":"https:\/\/proagrolab.com.ar\/wp-content\/uploads\/2020\/03\/Cefalexin-Plus-205.png","contentUrl":"https:\/\/proagrolab.com.ar\/wp-content\/uploads\/2020\/03\/Cefalexin-Plus-205.png","width":500,"height":500},{"@type":"BreadcrumbList","@id":"https:\/\/proagrolab.com.ar\/producto\/cefalexin-plus-205\/#breadcrumb","itemListElement":[{"@type":"ListItem","position":1,"name":"Portada","item":"https:\/\/proagrolab.com.ar\/"},{"@type":"ListItem","position":2,"name":"Productos","item":"https:\/\/proagrolab.com.ar\/productos\/"},{"@type":"ListItem","position":3,"name":"Cefalexin Plus 205"}]},{"@type":"WebSite","@id":"https:\/\/proagrolab.com.ar\/#website","url":"https:\/\/proagrolab.com.ar\/","name":"Proagro Laboratorio Veterinario","description":"Veterinary laboratory","publisher":{"@id":"https:\/\/proagrolab.com.ar\/#organization"},"potentialAction":[{"@type":"SearchAction","target":{"@type":"EntryPoint","urlTemplate":"https:\/\/proagrolab.com.ar\/?s={search_term_string}"},"query-input":{"@type":"PropertyValueSpecification","valueRequired":true,"valueName":"search_term_string"}}],"inLanguage":"en-US"},{"@type":"Organization","@id":"https:\/\/proagrolab.com.ar\/#organization","name":"Proagro","url":"https:\/\/proagrolab.com.ar\/","logo":{"@type":"ImageObject","inLanguage":"en-US","@id":"https:\/\/proagrolab.com.ar\/#\/schema\/logo\/image\/","url":"https:\/\/proagrolab.com.ar\/wp-content\/uploads\/2020\/04\/logo-retina.png","contentUrl":"https:\/\/proagrolab.com.ar\/wp-content\/uploads\/2020\/04\/logo-retina.png","width":478,"height":120,"caption":"Proagro"},"image":{"@id":"https:\/\/proagrolab.com.ar\/#\/schema\/logo\/image\/"},"sameAs":["http:\/\/www.facebook.com\/proagrolab","https:\/\/www.instagram.com\/proagrolab\/","https:\/\/www.linkedin.com\/company\/laboratorio-proagro-s-a\/"]}]}},"_links":{"self":[{"href":"https:\/\/proagrolab.com.ar\/en\/wp-json\/wp\/v2\/product\/12307","targetHints":{"allow":["GET"]}}],"collection":[{"href":"https:\/\/proagrolab.com.ar\/en\/wp-json\/wp\/v2\/product"}],"about":[{"href":"https:\/\/proagrolab.com.ar\/en\/wp-json\/wp\/v2\/types\/product"}],"wp:featuredmedia":[{"embeddable":true,"href":"https:\/\/proagrolab.com.ar\/en\/wp-json\/wp\/v2\/media\/23701"}],"wp:attachment":[{"href":"https:\/\/proagrolab.com.ar\/en\/wp-json\/wp\/v2\/media?parent=12307"}],"wp:term":[{"taxonomy":"product_brand","embeddable":true,"href":"https:\/\/proagrolab.com.ar\/en\/wp-json\/wp\/v2\/product_brand?post=12307"},{"taxonomy":"product_cat","embeddable":true,"href":"https:\/\/proagrolab.com.ar\/en\/wp-json\/wp\/v2\/product_cat?post=12307"},{"taxonomy":"product_tag","embeddable":true,"href":"https:\/\/proagrolab.com.ar\/en\/wp-json\/wp\/v2\/product_tag?post=12307"}],"curies":[{"name":"wp","href":"https:\/\/api.w.org\/{rel}","templated":true}]}}